{"id":91,"date":"2019-07-02T16:23:07","date_gmt":"2019-07-02T14:23:07","guid":{"rendered":"http:\/\/stc-2019.uniroma2.it\/labcaptorvergata\/?page_id=91"},"modified":"2023-09-27T16:46:21","modified_gmt":"2023-09-27T14:46:21","slug":"metodi-nmr","status":"publish","type":"page","link":"https:\/\/stc.uniroma2.it\/labcaptorvergata\/servizi\/metodi-nmr\/","title":{"rendered":"Metodi NMR"},"content":{"rendered":"\n&nbsp;\n\n\n<div class=\"wp-block-image\">\n<figure class=\"alignright size-full is-resized\"><img decoding=\"async\" loading=\"lazy\" src=\"https:\/\/stc.uniroma2.it\/labcaptorvergata\/wp-content\/uploads\/2022\/09\/pic_GPetrella.jpg\" alt=\"\" class=\"wp-image-576\" width=\"113\" height=\"150\"\/><\/figure><\/div>\n\n\n<p class=\"has-text-align-right\"> Team Leader:  <a href=\"http:\/\/stc.uniroma2.it\/labcaptorvergata\/wp-content\/uploads\/2022\/09\/cv_PetrellaG-2022.pdf\" target=\"_blank\" rel=\"noreferrer noopener\"><span style=\"color:#758f2f\" class=\"tadv-color\">Greta Petrella<\/span><\/a>  <\/p>\n\n\n\n<p>  <\/p>\n\n\n\n&nbsp;\n\n\n\n<p><strong>La Risonanza Magnetica Nucleare&nbsp;<\/strong>(successivamente indicata come NMR) \u00e8 una tecnica di analisi che utilizza una propriet\u00e0&nbsp; intrinseca della materia detta spin. Tutti i nuclei atomici sono dotati di spin; in caso il valore sia diverso da 0 (intero o semintero), \u00e8 possibile l&#8217;interazione dello spin con una radiazione elettromagnetica di energia opportuna (l&#8217;atomo in questione \u00e8 osservabile tramite NMR).<\/p>\n\n\n\n<p>Le informazioni fornite dalla spettroscopia NMR (chemical shift, integrazione, molteplicit\u00e0&nbsp; del segnale, costante di accoppiamento) permettono di determinare la struttura della molecola o comunque di avere informazioni sugli atomi che stiamo osservando o su quelli a essi vicini. La spettroscopia NMR pu\u00f2 corroborare le informazioni ottenute da altri metodi analitici, confermando la natura del composto in esame, o essere a sua volta un punto di partenza indicando quale altre analisi possano permettere di determinare la natura del campione in esame.<\/p>\n\n\n\n<p>La spettroscopia NMR \u00e8 una tecnica che trova ampia applicazione nella determinazione della struttura dei composti organici, costituiti principalmente da idrogeno e carbonio. Il campo di utilizzo \u00e8 per\u00f2 estendibile a qualsiasi nucleo atomico dotato di spin diverso da 0 (vedi sezione 1), che \u00e8 quindi osservabile tramite questa tecnica. Nella sua forma pi\u00f9 semplice (analisi 1D) si possono ottenere vari tipi di informazioni: intorno chimico di un determinato atomo (chemical shift); numero di atomi di un certo tipo (integrazione); si possono inoltre acquisire informazioni riguardo gli atomi adiacenti a quello d&#8217;interesse (molteplicit\u00e0&nbsp;). Nella forma pi\u00f9 complessa (analisi 2D) si ottengono informazioni che permettono di conoscere la vicinanza spaziale tra gli atomi e quindi determinare la struttura tridimensionale della molecola. Uno dei principali settori dove trova impiego \u00e8 quello dell&#8217;analisi dei composti di interesse farmacologico in quanto permette di determinare la struttura tridimensionale della molecola. Altri campi di frequente utilizzo sono lo studio di metaboliti, quello alimentare per verificare l&#8217;eventuale presenza di contaminanti o adulteranti, pesticidi. Un grande vantaggio di questa tecnica \u00e8 di essere non distruttiva e multinucleare, quindi lo stesso campione pu\u00f2 essere analizzato andando a studiare diversi nuclei senza spreco di materiale. Sebbene utilizzata preferenzialmente sui nuclei&nbsp;<sup>1<\/sup>H e&nbsp;<sup>13<\/sup>C, qualunque specie chimica con un momento di spin non nullo \u00e8 osservabile (magneticamente attiva).<\/p>\n","protected":false},"excerpt":{"rendered":"<p>&nbsp; Team Leader: Greta Petrella &nbsp; La Risonanza Magnetica Nucleare&nbsp;(successivamente indicata come NMR) \u00e8 una tecnica di analisi che utilizza una propriet\u00e0&nbsp; intrinseca della materia detta spin. Tutti i nuclei<\/p>\n","protected":false},"author":1,"featured_media":0,"parent":8,"menu_order":6,"comment_status":"closed","ping_status":"closed","template":"","meta":{"_uag_custom_page_level_css":""},"yoast_head":"<!-- This site is optimized with the Yoast SEO plugin v20.4 - https:\/\/yoast.com\/wordpress\/plugins\/seo\/ -->\n<title>Metodi NMR -<\/title>\n<meta name=\"robots\" content=\"index, follow, max-snippet:-1, max-image-preview:large, max-video-preview:-1\" \/>\n<link rel=\"canonical\" href=\"https:\/\/stc.uniroma2.it\/labcaptorvergata\/servizi\/metodi-nmr\/\" \/>\n<meta property=\"og:locale\" content=\"it_IT\" \/>\n<meta property=\"og:type\" content=\"article\" \/>\n<meta property=\"og:title\" content=\"Metodi NMR -\" \/>\n<meta property=\"og:description\" content=\"&nbsp; Team Leader: Greta Petrella &nbsp; La Risonanza Magnetica Nucleare&nbsp;(successivamente indicata come NMR) \u00e8 una tecnica di analisi che utilizza una propriet\u00e0&nbsp; intrinseca della materia detta spin. Tutti i nuclei\" \/>\n<meta property=\"og:url\" content=\"https:\/\/stc.uniroma2.it\/labcaptorvergata\/servizi\/metodi-nmr\/\" \/>\n<meta property=\"article:modified_time\" content=\"2023-09-27T14:46:21+00:00\" \/>\n<meta property=\"og:image\" content=\"https:\/\/stc.uniroma2.it\/labcaptorvergata\/wp-content\/uploads\/2022\/09\/pic_GPetrella.jpg\" \/>\n<meta name=\"twitter:card\" content=\"summary_large_image\" \/>\n<meta name=\"twitter:label1\" content=\"Tempo di lettura stimato\" \/>\n\t<meta name=\"twitter:data1\" content=\"3 minuti\" \/>\n<script type=\"application\/ld+json\" class=\"yoast-schema-graph\">{\"@context\":\"https:\/\/schema.org\",\"@graph\":[{\"@type\":\"WebPage\",\"@id\":\"https:\/\/stc.uniroma2.it\/labcaptorvergata\/servizi\/metodi-nmr\/\",\"url\":\"https:\/\/stc.uniroma2.it\/labcaptorvergata\/servizi\/metodi-nmr\/\",\"name\":\"Metodi NMR -\",\"isPartOf\":{\"@id\":\"https:\/\/stc.uniroma2.it\/labcaptorvergata\/#website\"},\"datePublished\":\"2019-07-02T14:23:07+00:00\",\"dateModified\":\"2023-09-27T14:46:21+00:00\",\"breadcrumb\":{\"@id\":\"https:\/\/stc.uniroma2.it\/labcaptorvergata\/servizi\/metodi-nmr\/#breadcrumb\"},\"inLanguage\":\"it-IT\",\"potentialAction\":[{\"@type\":\"ReadAction\",\"target\":[\"https:\/\/stc.uniroma2.it\/labcaptorvergata\/servizi\/metodi-nmr\/\"]}]},{\"@type\":\"BreadcrumbList\",\"@id\":\"https:\/\/stc.uniroma2.it\/labcaptorvergata\/servizi\/metodi-nmr\/#breadcrumb\",\"itemListElement\":[{\"@type\":\"ListItem\",\"position\":1,\"name\":\"Home\",\"item\":\"https:\/\/stc.uniroma2.it\/labcaptorvergata\/\"},{\"@type\":\"ListItem\",\"position\":2,\"name\":\"SERVIZI\",\"item\":\"https:\/\/stc.uniroma2.it\/labcaptorvergata\/servizi\/\"},{\"@type\":\"ListItem\",\"position\":3,\"name\":\"Metodi NMR\"}]},{\"@type\":\"WebSite\",\"@id\":\"https:\/\/stc.uniroma2.it\/labcaptorvergata\/#website\",\"url\":\"https:\/\/stc.uniroma2.it\/labcaptorvergata\/\",\"name\":\"LabCap - Laboratorio di Certificazione di Analisi e Processi\",\"description\":\"\",\"publisher\":{\"@id\":\"https:\/\/stc.uniroma2.it\/labcaptorvergata\/#organization\"},\"alternateName\":\"LabCap\",\"potentialAction\":[{\"@type\":\"SearchAction\",\"target\":{\"@type\":\"EntryPoint\",\"urlTemplate\":\"https:\/\/stc.uniroma2.it\/labcaptorvergata\/?s={search_term_string}\"},\"query-input\":\"required name=search_term_string\"}],\"inLanguage\":\"it-IT\"},{\"@type\":\"Organization\",\"@id\":\"https:\/\/stc.uniroma2.it\/labcaptorvergata\/#organization\",\"name\":\"LabCAP\",\"url\":\"https:\/\/stc.uniroma2.it\/labcaptorvergata\/\",\"logo\":{\"@type\":\"ImageObject\",\"inLanguage\":\"it-IT\",\"@id\":\"https:\/\/stc.uniroma2.it\/labcaptorvergata\/#\/schema\/logo\/image\/\",\"url\":\"https:\/\/stc.uniroma2.it\/labcaptorvergata\/wp-content\/uploads\/2019\/07\/cropped-logo_labcaptvg.png\",\"contentUrl\":\"https:\/\/stc.uniroma2.it\/labcaptorvergata\/wp-content\/uploads\/2019\/07\/cropped-logo_labcaptvg.png\",\"width\":1366,\"height\":188,\"caption\":\"LabCAP\"},\"image\":{\"@id\":\"https:\/\/stc.uniroma2.it\/labcaptorvergata\/#\/schema\/logo\/image\/\"}}]}<\/script>\n<!-- \/ Yoast SEO plugin. -->","yoast_head_json":{"title":"Metodi NMR -","robots":{"index":"index","follow":"follow","max-snippet":"max-snippet:-1","max-image-preview":"max-image-preview:large","max-video-preview":"max-video-preview:-1"},"canonical":"https:\/\/stc.uniroma2.it\/labcaptorvergata\/servizi\/metodi-nmr\/","og_locale":"it_IT","og_type":"article","og_title":"Metodi NMR -","og_description":"&nbsp; Team Leader: Greta Petrella &nbsp; La Risonanza Magnetica Nucleare&nbsp;(successivamente indicata come NMR) \u00e8 una tecnica di analisi che utilizza una propriet\u00e0&nbsp; intrinseca della materia detta spin. Tutti i nuclei","og_url":"https:\/\/stc.uniroma2.it\/labcaptorvergata\/servizi\/metodi-nmr\/","article_modified_time":"2023-09-27T14:46:21+00:00","og_image":[{"url":"https:\/\/stc.uniroma2.it\/labcaptorvergata\/wp-content\/uploads\/2022\/09\/pic_GPetrella.jpg"}],"twitter_card":"summary_large_image","twitter_misc":{"Tempo di lettura stimato":"3 minuti"},"schema":{"@context":"https:\/\/schema.org","@graph":[{"@type":"WebPage","@id":"https:\/\/stc.uniroma2.it\/labcaptorvergata\/servizi\/metodi-nmr\/","url":"https:\/\/stc.uniroma2.it\/labcaptorvergata\/servizi\/metodi-nmr\/","name":"Metodi NMR -","isPartOf":{"@id":"https:\/\/stc.uniroma2.it\/labcaptorvergata\/#website"},"datePublished":"2019-07-02T14:23:07+00:00","dateModified":"2023-09-27T14:46:21+00:00","breadcrumb":{"@id":"https:\/\/stc.uniroma2.it\/labcaptorvergata\/servizi\/metodi-nmr\/#breadcrumb"},"inLanguage":"it-IT","potentialAction":[{"@type":"ReadAction","target":["https:\/\/stc.uniroma2.it\/labcaptorvergata\/servizi\/metodi-nmr\/"]}]},{"@type":"BreadcrumbList","@id":"https:\/\/stc.uniroma2.it\/labcaptorvergata\/servizi\/metodi-nmr\/#breadcrumb","itemListElement":[{"@type":"ListItem","position":1,"name":"Home","item":"https:\/\/stc.uniroma2.it\/labcaptorvergata\/"},{"@type":"ListItem","position":2,"name":"SERVIZI","item":"https:\/\/stc.uniroma2.it\/labcaptorvergata\/servizi\/"},{"@type":"ListItem","position":3,"name":"Metodi NMR"}]},{"@type":"WebSite","@id":"https:\/\/stc.uniroma2.it\/labcaptorvergata\/#website","url":"https:\/\/stc.uniroma2.it\/labcaptorvergata\/","name":"LabCap - Laboratorio di Certificazione di Analisi e Processi","description":"","publisher":{"@id":"https:\/\/stc.uniroma2.it\/labcaptorvergata\/#organization"},"alternateName":"LabCap","potentialAction":[{"@type":"SearchAction","target":{"@type":"EntryPoint","urlTemplate":"https:\/\/stc.uniroma2.it\/labcaptorvergata\/?s={search_term_string}"},"query-input":"required name=search_term_string"}],"inLanguage":"it-IT"},{"@type":"Organization","@id":"https:\/\/stc.uniroma2.it\/labcaptorvergata\/#organization","name":"LabCAP","url":"https:\/\/stc.uniroma2.it\/labcaptorvergata\/","logo":{"@type":"ImageObject","inLanguage":"it-IT","@id":"https:\/\/stc.uniroma2.it\/labcaptorvergata\/#\/schema\/logo\/image\/","url":"https:\/\/stc.uniroma2.it\/labcaptorvergata\/wp-content\/uploads\/2019\/07\/cropped-logo_labcaptvg.png","contentUrl":"https:\/\/stc.uniroma2.it\/labcaptorvergata\/wp-content\/uploads\/2019\/07\/cropped-logo_labcaptvg.png","width":1366,"height":188,"caption":"LabCAP"},"image":{"@id":"https:\/\/stc.uniroma2.it\/labcaptorvergata\/#\/schema\/logo\/image\/"}}]}},"uagb_featured_image_src":{"full":false,"thumbnail":false,"medium":false,"medium_large":false,"large":false,"1536x1536":false,"2048x2048":false,"royale-news-thumbnail-1":false,"royale-news-thumbnail-2":false,"royale-news-thumbnail-3":false,"royale-news-thumbnail-4":false},"uagb_author_info":{"display_name":"admin","author_link":"https:\/\/stc.uniroma2.it\/labcaptorvergata\/author\/admin\/"},"uagb_comment_info":0,"uagb_excerpt":"&nbsp; Team Leader: Greta Petrella &nbsp; La Risonanza Magnetica Nucleare&nbsp;(successivamente indicata come NMR) \u00e8 una tecnica di analisi che utilizza una propriet\u00e0&nbsp; intrinseca della materia detta spin. Tutti i nuclei","_links":{"self":[{"href":"https:\/\/stc.uniroma2.it\/labcaptorvergata\/wp-json\/wp\/v2\/pages\/91"}],"collection":[{"href":"https:\/\/stc.uniroma2.it\/labcaptorvergata\/wp-json\/wp\/v2\/pages"}],"about":[{"href":"https:\/\/stc.uniroma2.it\/labcaptorvergata\/wp-json\/wp\/v2\/types\/page"}],"author":[{"embeddable":true,"href":"https:\/\/stc.uniroma2.it\/labcaptorvergata\/wp-json\/wp\/v2\/users\/1"}],"replies":[{"embeddable":true,"href":"https:\/\/stc.uniroma2.it\/labcaptorvergata\/wp-json\/wp\/v2\/comments?post=91"}],"version-history":[{"count":8,"href":"https:\/\/stc.uniroma2.it\/labcaptorvergata\/wp-json\/wp\/v2\/pages\/91\/revisions"}],"predecessor-version":[{"id":642,"href":"https:\/\/stc.uniroma2.it\/labcaptorvergata\/wp-json\/wp\/v2\/pages\/91\/revisions\/642"}],"up":[{"embeddable":true,"href":"https:\/\/stc.uniroma2.it\/labcaptorvergata\/wp-json\/wp\/v2\/pages\/8"}],"wp:attachment":[{"href":"https:\/\/stc.uniroma2.it\/labcaptorvergata\/wp-json\/wp\/v2\/media?parent=91"}],"curies":[{"name":"wp","href":"https:\/\/api.w.org\/{rel}","templated":true}]}}