{"id":633,"date":"2023-09-27T16:22:54","date_gmt":"2023-09-27T14:22:54","guid":{"rendered":"https:\/\/stc.uniroma2.it\/labcaptorvergata\/?page_id=633"},"modified":"2023-09-27T16:44:36","modified_gmt":"2023-09-27T14:44:36","slug":"metodi-flussimetrici","status":"publish","type":"page","link":"https:\/\/stc.uniroma2.it\/labcaptorvergata\/servizi\/metodi-flussimetrici\/","title":{"rendered":"Metodi Flussimetrici"},"content":{"rendered":"\n&nbsp;\n\n\n<div class=\"wp-block-image\">\n<figure class=\"alignright size-full is-resized\"><img decoding=\"async\" loading=\"lazy\" src=\"https:\/\/stc.uniroma2.it\/labcaptorvergata\/wp-content\/uploads\/2023\/09\/pic_MagnaG.jpg\" alt=\"\" class=\"wp-image-634\" width=\"112\" height=\"150\"\/><\/figure><\/div>\n\n\n<p class=\"has-text-align-right\"> Team Leader:  <a href=\"https:\/\/stc.uniroma2.it\/labcaptorvergata\/wp-content\/uploads\/2023\/09\/cv_Magna.pdf\" target=\"_blank\" rel=\"noreferrer noopener\"><span style=\"color:#758f2f\" class=\"tadv-color\">Gabriele Magna<\/span><\/a>  <\/p>\n\n\n\n<p>  <\/p>\n\n\n\n&nbsp;\n\n\n\n<p>Per <strong>metodi flussimetrici<\/strong> si intende un insieme di metodi che possono essere utilizzati per la validazione delle propriet\u00e0 di assorbimento dei materiali, come ad esempio nel caso dei sensori di gas. In questo ultimo caso \u00e8 necessario acquisire la risposta dei dispositivi in ambiente controllato, cio\u00e8 in un\u2019atmosfera in cui \u00e8 possibile regolare in modo accurato e preciso la concentrazione del gas analita oggetto di esame per la stima della sensibilit\u00e0, limite di rilevamento e selettivit\u00e0. Nel caso dei sensori con uscita digitale, l\u2019output del dispositivo riporter\u00e0 direttamente la concentrazione del gas analita in esame, grazie a un protocollo di misura e calibrazione interno. Nel caso di sensori analogici, la calibrazione o la validazione delle rette di calibrazione richiede la misura della grandezza in uscita del sensore (es. resistenza o potenziale elettrico) prima in un ambiente di riferimento in funzione di stimoli chimici a differente concentrazione.<\/p>\n\n\n\n<p>I metodi flussimetrici possono essere inoltre impiegati per la validazione delle prestazioni di sensori di gas commerciali. A causa della scarsa riproducibilit\u00e0 di fabbricazione di questa classe di sensori chimici, normalmente l\u2019utilizzo della retta di calibrazione riportata nei datasheet di questi sensori richiede l\u2019acquisizione di un valore di riferimento in condizioni note e controllate. Normalmente questo valore \u00e8 acquisito in condizioni standard (in aria sintetica a 25 \u00b0C e 50% umidit\u00e0 relativa). Talvolta il punto di riferimento \u00e8 relativo alla risposta del sensore ad una determinata concentrazione di analita (es: 100 ppm di CO). Il campo di applicazione di questo metodo si estende quindi alla validazione e acquisizione del valore di riferimento di tutti i sensori di gas<\/p>\n","protected":false},"excerpt":{"rendered":"<p>&nbsp; Team Leader: Gabriele Magna &nbsp; Per metodi flussimetrici si intende un insieme di metodi che possono essere utilizzati per la validazione delle propriet\u00e0 di assorbimento dei materiali, come ad<\/p>\n","protected":false},"author":1,"featured_media":0,"parent":8,"menu_order":7,"comment_status":"closed","ping_status":"closed","template":"","meta":{"_uag_custom_page_level_css":""},"yoast_head":"<!-- This site is optimized with the Yoast SEO plugin v20.4 - https:\/\/yoast.com\/wordpress\/plugins\/seo\/ -->\n<title>Metodi Flussimetrici -<\/title>\n<meta name=\"robots\" content=\"index, follow, max-snippet:-1, max-image-preview:large, max-video-preview:-1\" \/>\n<link rel=\"canonical\" href=\"https:\/\/stc.uniroma2.it\/labcaptorvergata\/servizi\/metodi-flussimetrici\/\" \/>\n<meta property=\"og:locale\" content=\"it_IT\" \/>\n<meta property=\"og:type\" content=\"article\" \/>\n<meta property=\"og:title\" content=\"Metodi Flussimetrici -\" \/>\n<meta property=\"og:description\" content=\"&nbsp; Team Leader: Gabriele Magna &nbsp; Per metodi flussimetrici si intende un insieme di metodi che possono essere utilizzati per la validazione delle propriet\u00e0 di assorbimento dei materiali, come ad\" \/>\n<meta property=\"og:url\" content=\"https:\/\/stc.uniroma2.it\/labcaptorvergata\/servizi\/metodi-flussimetrici\/\" \/>\n<meta property=\"article:modified_time\" content=\"2023-09-27T14:44:36+00:00\" \/>\n<meta property=\"og:image\" content=\"https:\/\/stc.uniroma2.it\/labcaptorvergata\/wp-content\/uploads\/2023\/09\/pic_MagnaG.jpg\" \/>\n<meta name=\"twitter:card\" content=\"summary_large_image\" \/>\n<meta name=\"twitter:label1\" content=\"Tempo di lettura stimato\" \/>\n\t<meta name=\"twitter:data1\" content=\"2 minuti\" \/>\n<script type=\"application\/ld+json\" class=\"yoast-schema-graph\">{\"@context\":\"https:\/\/schema.org\",\"@graph\":[{\"@type\":\"WebPage\",\"@id\":\"https:\/\/stc.uniroma2.it\/labcaptorvergata\/servizi\/metodi-flussimetrici\/\",\"url\":\"https:\/\/stc.uniroma2.it\/labcaptorvergata\/servizi\/metodi-flussimetrici\/\",\"name\":\"Metodi Flussimetrici -\",\"isPartOf\":{\"@id\":\"https:\/\/stc.uniroma2.it\/labcaptorvergata\/#website\"},\"datePublished\":\"2023-09-27T14:22:54+00:00\",\"dateModified\":\"2023-09-27T14:44:36+00:00\",\"breadcrumb\":{\"@id\":\"https:\/\/stc.uniroma2.it\/labcaptorvergata\/servizi\/metodi-flussimetrici\/#breadcrumb\"},\"inLanguage\":\"it-IT\",\"potentialAction\":[{\"@type\":\"ReadAction\",\"target\":[\"https:\/\/stc.uniroma2.it\/labcaptorvergata\/servizi\/metodi-flussimetrici\/\"]}]},{\"@type\":\"BreadcrumbList\",\"@id\":\"https:\/\/stc.uniroma2.it\/labcaptorvergata\/servizi\/metodi-flussimetrici\/#breadcrumb\",\"itemListElement\":[{\"@type\":\"ListItem\",\"position\":1,\"name\":\"Home\",\"item\":\"https:\/\/stc.uniroma2.it\/labcaptorvergata\/\"},{\"@type\":\"ListItem\",\"position\":2,\"name\":\"SERVIZI\",\"item\":\"https:\/\/stc.uniroma2.it\/labcaptorvergata\/servizi\/\"},{\"@type\":\"ListItem\",\"position\":3,\"name\":\"Metodi Flussimetrici\"}]},{\"@type\":\"WebSite\",\"@id\":\"https:\/\/stc.uniroma2.it\/labcaptorvergata\/#website\",\"url\":\"https:\/\/stc.uniroma2.it\/labcaptorvergata\/\",\"name\":\"LabCap - Laboratorio di Certificazione di Analisi e Processi\",\"description\":\"\",\"publisher\":{\"@id\":\"https:\/\/stc.uniroma2.it\/labcaptorvergata\/#organization\"},\"alternateName\":\"LabCap\",\"potentialAction\":[{\"@type\":\"SearchAction\",\"target\":{\"@type\":\"EntryPoint\",\"urlTemplate\":\"https:\/\/stc.uniroma2.it\/labcaptorvergata\/?s={search_term_string}\"},\"query-input\":\"required name=search_term_string\"}],\"inLanguage\":\"it-IT\"},{\"@type\":\"Organization\",\"@id\":\"https:\/\/stc.uniroma2.it\/labcaptorvergata\/#organization\",\"name\":\"LabCAP\",\"url\":\"https:\/\/stc.uniroma2.it\/labcaptorvergata\/\",\"logo\":{\"@type\":\"ImageObject\",\"inLanguage\":\"it-IT\",\"@id\":\"https:\/\/stc.uniroma2.it\/labcaptorvergata\/#\/schema\/logo\/image\/\",\"url\":\"https:\/\/stc.uniroma2.it\/labcaptorvergata\/wp-content\/uploads\/2019\/07\/cropped-logo_labcaptvg.png\",\"contentUrl\":\"https:\/\/stc.uniroma2.it\/labcaptorvergata\/wp-content\/uploads\/2019\/07\/cropped-logo_labcaptvg.png\",\"width\":1366,\"height\":188,\"caption\":\"LabCAP\"},\"image\":{\"@id\":\"https:\/\/stc.uniroma2.it\/labcaptorvergata\/#\/schema\/logo\/image\/\"}}]}<\/script>\n<!-- \/ Yoast SEO plugin. -->","yoast_head_json":{"title":"Metodi Flussimetrici -","robots":{"index":"index","follow":"follow","max-snippet":"max-snippet:-1","max-image-preview":"max-image-preview:large","max-video-preview":"max-video-preview:-1"},"canonical":"https:\/\/stc.uniroma2.it\/labcaptorvergata\/servizi\/metodi-flussimetrici\/","og_locale":"it_IT","og_type":"article","og_title":"Metodi Flussimetrici -","og_description":"&nbsp; Team Leader: Gabriele Magna &nbsp; Per metodi flussimetrici si intende un insieme di metodi che possono essere utilizzati per la validazione delle propriet\u00e0 di assorbimento dei materiali, come ad","og_url":"https:\/\/stc.uniroma2.it\/labcaptorvergata\/servizi\/metodi-flussimetrici\/","article_modified_time":"2023-09-27T14:44:36+00:00","og_image":[{"url":"https:\/\/stc.uniroma2.it\/labcaptorvergata\/wp-content\/uploads\/2023\/09\/pic_MagnaG.jpg"}],"twitter_card":"summary_large_image","twitter_misc":{"Tempo di lettura stimato":"2 minuti"},"schema":{"@context":"https:\/\/schema.org","@graph":[{"@type":"WebPage","@id":"https:\/\/stc.uniroma2.it\/labcaptorvergata\/servizi\/metodi-flussimetrici\/","url":"https:\/\/stc.uniroma2.it\/labcaptorvergata\/servizi\/metodi-flussimetrici\/","name":"Metodi Flussimetrici -","isPartOf":{"@id":"https:\/\/stc.uniroma2.it\/labcaptorvergata\/#website"},"datePublished":"2023-09-27T14:22:54+00:00","dateModified":"2023-09-27T14:44:36+00:00","breadcrumb":{"@id":"https:\/\/stc.uniroma2.it\/labcaptorvergata\/servizi\/metodi-flussimetrici\/#breadcrumb"},"inLanguage":"it-IT","potentialAction":[{"@type":"ReadAction","target":["https:\/\/stc.uniroma2.it\/labcaptorvergata\/servizi\/metodi-flussimetrici\/"]}]},{"@type":"BreadcrumbList","@id":"https:\/\/stc.uniroma2.it\/labcaptorvergata\/servizi\/metodi-flussimetrici\/#breadcrumb","itemListElement":[{"@type":"ListItem","position":1,"name":"Home","item":"https:\/\/stc.uniroma2.it\/labcaptorvergata\/"},{"@type":"ListItem","position":2,"name":"SERVIZI","item":"https:\/\/stc.uniroma2.it\/labcaptorvergata\/servizi\/"},{"@type":"ListItem","position":3,"name":"Metodi Flussimetrici"}]},{"@type":"WebSite","@id":"https:\/\/stc.uniroma2.it\/labcaptorvergata\/#website","url":"https:\/\/stc.uniroma2.it\/labcaptorvergata\/","name":"LabCap - Laboratorio di Certificazione di Analisi e Processi","description":"","publisher":{"@id":"https:\/\/stc.uniroma2.it\/labcaptorvergata\/#organization"},"alternateName":"LabCap","potentialAction":[{"@type":"SearchAction","target":{"@type":"EntryPoint","urlTemplate":"https:\/\/stc.uniroma2.it\/labcaptorvergata\/?s={search_term_string}"},"query-input":"required name=search_term_string"}],"inLanguage":"it-IT"},{"@type":"Organization","@id":"https:\/\/stc.uniroma2.it\/labcaptorvergata\/#organization","name":"LabCAP","url":"https:\/\/stc.uniroma2.it\/labcaptorvergata\/","logo":{"@type":"ImageObject","inLanguage":"it-IT","@id":"https:\/\/stc.uniroma2.it\/labcaptorvergata\/#\/schema\/logo\/image\/","url":"https:\/\/stc.uniroma2.it\/labcaptorvergata\/wp-content\/uploads\/2019\/07\/cropped-logo_labcaptvg.png","contentUrl":"https:\/\/stc.uniroma2.it\/labcaptorvergata\/wp-content\/uploads\/2019\/07\/cropped-logo_labcaptvg.png","width":1366,"height":188,"caption":"LabCAP"},"image":{"@id":"https:\/\/stc.uniroma2.it\/labcaptorvergata\/#\/schema\/logo\/image\/"}}]}},"uagb_featured_image_src":{"full":false,"thumbnail":false,"medium":false,"medium_large":false,"large":false,"1536x1536":false,"2048x2048":false,"royale-news-thumbnail-1":false,"royale-news-thumbnail-2":false,"royale-news-thumbnail-3":false,"royale-news-thumbnail-4":false},"uagb_author_info":{"display_name":"admin","author_link":"https:\/\/stc.uniroma2.it\/labcaptorvergata\/author\/admin\/"},"uagb_comment_info":0,"uagb_excerpt":"&nbsp; Team Leader: Gabriele Magna &nbsp; Per metodi flussimetrici si intende un insieme di metodi che possono essere utilizzati per la validazione delle propriet\u00e0 di assorbimento dei materiali, come ad","_links":{"self":[{"href":"https:\/\/stc.uniroma2.it\/labcaptorvergata\/wp-json\/wp\/v2\/pages\/633"}],"collection":[{"href":"https:\/\/stc.uniroma2.it\/labcaptorvergata\/wp-json\/wp\/v2\/pages"}],"about":[{"href":"https:\/\/stc.uniroma2.it\/labcaptorvergata\/wp-json\/wp\/v2\/types\/page"}],"author":[{"embeddable":true,"href":"https:\/\/stc.uniroma2.it\/labcaptorvergata\/wp-json\/wp\/v2\/users\/1"}],"replies":[{"embeddable":true,"href":"https:\/\/stc.uniroma2.it\/labcaptorvergata\/wp-json\/wp\/v2\/comments?post=633"}],"version-history":[{"count":3,"href":"https:\/\/stc.uniroma2.it\/labcaptorvergata\/wp-json\/wp\/v2\/pages\/633\/revisions"}],"predecessor-version":[{"id":640,"href":"https:\/\/stc.uniroma2.it\/labcaptorvergata\/wp-json\/wp\/v2\/pages\/633\/revisions\/640"}],"up":[{"embeddable":true,"href":"https:\/\/stc.uniroma2.it\/labcaptorvergata\/wp-json\/wp\/v2\/pages\/8"}],"wp:attachment":[{"href":"https:\/\/stc.uniroma2.it\/labcaptorvergata\/wp-json\/wp\/v2\/media?parent=633"}],"curies":[{"name":"wp","href":"https:\/\/api.w.org\/{rel}","templated":true}]}}