 {"id":8126,"date":"2022-06-28T17:26:04","date_gmt":"2022-06-28T15:26:04","guid":{"rendered":"https:\/\/www-2022.stc.uniroma2.it\/?page_id=8126"},"modified":"2022-11-07T11:56:36","modified_gmt":"2022-11-07T10:56:36","slug":"spin-off-and-start-up","status":"publish","type":"page","link":"https:\/\/stc.uniroma2.it\/?page_id=8126&lang=en","title":{"rendered":"Spin off and start up"},"content":{"rendered":"\n<p>Uno <em>spin-off<\/em> \u00e8 un\u2019impresa operante in settori <em>high-tech<\/em> costituita da (almeno) un professore\/ricercatore universitario o da un dottorando\/contrattista\/studente che abbia effettuato attivit\u00e0 di ricerca su un tema specifico, oggetto di creazione dell&#8217;impresa stessa. Il suo obiettivo \u00e8 dunque dare spazio all&#8217;innovazione per sfruttarne adeguatamente le potenzialit\u00e0 commerciali, realizzando cos\u00ec uno sbocco sul mercato a quell&#8217;innovazione mediante l\u2019istituzione di una nuova societ\u00e0. La legislazione vigente definisce tre diverse tipologie di <em>spin-off<\/em>:<\/p>\n\n\n\n<ul class=\"wp-block-list\"><li><em>spin-off<\/em> universitari: esclusivamente quelle societ\u00e0 per azioni o a responsabilit\u00e0 limitata alle quali l&#8217;universit\u00e0 partecipa in qualit\u00e0 di socio;<\/li><li><em>spin-off<\/em> accademici: societ\u00e0 per azioni o a responsabilit\u00e0 limitata nella quale una universit\u00e0 italiana non abbia una quota di partecipazione;<\/li><li>societ\u00e0 di alta tecnologia regolate dal D.L. 27 luglio 1999 n. 297 (&#8220;Riordino della disciplina e snellimento delle procedure per il sostegno della ricerca scientifica e tecnologica, per la diffusione delle tecnologie, per la mobilit\u00e0 dei ricercatori&#8221;) e dal successivo decreto attuativo ministeriale n. 593 dell\u20198 agosto 2000.<\/li><\/ul>\n\n\n\n<p>Il Dipartimento di Scienze e Tecnologie Chimiche \u00e8 sede di cinque <em>spin-off<\/em>, uno di tipo universitario e quattro a carattere accademico, ovvero iniziative imprenditoriali scaturite dallo sviluppo di processi e\/o prodotti altamente innovativi.<\/p>\n\n\n\n<figure class=\"wp-block-table\"><table><tbody><tr><td><strong>Nome<\/strong><\/td><td><strong>Logo<\/strong><\/td><\/tr><tr><td><span class=\"popup-trigger popmake-7920 pum-do-default\" data-popup-id=\"7920\" data-do-default=\"1\"><mark style=\"background-color:rgba(0, 0, 0, 0);color:#acc357\" class=\"has-inline-color\">Algares<\/mark><\/span><\/td><td><span class=\"popup-trigger popmake-7920 \" data-popup-id=\"7920\" data-do-default=\"0\"><img loading=\"lazy\" decoding=\"async\" width=\"250\" height=\"133\" class=\"wp-image-10356\" style=\"width: 250px;\" src=\"http:\/\/www-2022.stc.uniroma2.it\/wp-content\/uploads\/2022\/11\/logo_algares.jpg\" alt=\"\"><\/span><\/td><\/tr><tr><td><span class=\"popup-trigger popmake-7916\" data-popup-id=\"7916\" data-do-default=\"0\"><mark style=\"background-color:rgba(0, 0, 0, 0);color:#acc357\" class=\"has-inline-color\">BT-InnoVaChem<\/mark><\/span><\/td><td><span class=\"popup-trigger popmake-7916 \" data-popup-id=\"7916\" data-do-default=\"0\"><img loading=\"lazy\" decoding=\"async\" width=\"287\" height=\"142\" class=\"wp-image-6883\" style=\"width: 287px;\" src=\"http:\/\/www-2022.stc.uniroma2.it\/wp-content\/uploads\/2020\/07\/logo_btinnovachem.jpg\" alt=\"\"><\/span><\/td><\/tr><tr><td><span class=\"popup-trigger popmake-7918\" data-popup-id=\"7918\" data-do-default=\"0\"><mark style=\"background-color:rgba(0, 0, 0, 0);color:#acc357\" class=\"has-inline-color\">Sense4Med s.r.l.<\/mark><\/span><\/td><td><span class=\"popup-trigger popmake-7918 \" data-popup-id=\"7918\" data-do-default=\"0\"><img loading=\"lazy\" decoding=\"async\" width=\"129\" height=\"163\" class=\"wp-image-6354\" style=\"width: 129px;\" src=\"http:\/\/www-2022.stc.uniroma2.it\/wp-content\/uploads\/2020\/07\/logo_Sense4Med.jpg\" alt=\"\"><\/span><\/td><\/tr><tr><td><span class=\"popup-trigger popmake-7918 pum-do-default\" data-popup-id=\"7918\" data-do-default=\"1\"><mark style=\"background-color:rgba(0, 0, 0, 0);color:#acc357\" class=\"has-inline-color\">SPlastica s.r.l.<\/mark><\/span><\/td><td><span class=\"popup-trigger popmake-7914 \" data-popup-id=\"7914\" data-do-default=\"0\"><img loading=\"lazy\" decoding=\"async\" width=\"283\" height=\"103\" class=\"wp-image-6382\" style=\"width: 283px;\" src=\"http:\/\/www-2022.stc.uniroma2.it\/wp-content\/uploads\/2020\/07\/logo_splastica.jpg\" alt=\"\"><\/span><\/td><\/tr><tr><td><span class=\"popup-trigger popmake-7912\" data-popup-id=\"7912\" data-do-default=\"0\"><mark style=\"background-color:rgba(0, 0, 0, 0);color:#acc357\" class=\"has-inline-color\">Tecnosens s.r.l.<\/mark><\/span><\/td><td><span class=\"popup-trigger popmake-7912 \" data-popup-id=\"7912\" data-do-default=\"0\"><img loading=\"lazy\" decoding=\"async\" width=\"289\" height=\"30\" class=\"wp-image-6371\" style=\"width: 289px;\" src=\"http:\/\/www-2022.stc.uniroma2.it\/wp-content\/uploads\/2020\/07\/logo_tecnosense.jpg\" alt=\"\"><\/span><\/td><\/tr><\/tbody><\/table><\/figure>\n","protected":false},"excerpt":{"rendered":"<p>Uno spin-off \u00e8 un\u2019impresa operante in settori high-tech costituita da (almeno) un professore\/ricercatore universitario o da un dottorando\/contrattista\/studente che abbia effettuato attivit\u00e0 di ricerca su un tema specifico, oggetto di creazione dell&#8217;impresa stessa. Il suo obiettivo \u00e8 dunque dare spazio<\/p>\n","protected":false},"author":1,"featured_media":0,"parent":8121,"menu_order":2,"comment_status":"closed","ping_status":"closed","template":"","meta":{"_cbd_carousel_blocks":"[]","_uag_custom_page_level_css":"","_EventAllDay":false,"_EventTimezone":"","_EventStartDate":"","_EventEndDate":"","_EventStartDateUTC":"","_EventEndDateUTC":"","_EventShowMap":false,"_EventShowMapLink":false,"_EventURL":"","_EventCost":"","_EventCostDescription":"","_EventCurrencySymbol":"","_EventCurrencyCode":"","_EventCurrencyPosition":"","_EventDateTimeSeparator":"","_EventTimeRangeSeparator":"","_EventOrganizerID":[],"_EventVenueID":0,"_OrganizerEmail":"","_OrganizerPhone":"","_OrganizerWebsite":"","_VenueAddress":"","_VenueCity":"","_VenueCountry":"","_VenueProvince":"","_VenueZip":"","_VenuePhone":"","_VenueURL":"","_VenueStateProvince":"","_VenueLat":"","_VenueLng":"","footnotes":""},"class_list":["post-8126","page","type-page","status-publish","hentry"],"uagb_featured_image_src":{"full":false,"thumbnail":false,"medium":false,"medium_large":false,"large":false,"1536x1536":false,"2048x2048":false,"featured-blog-large":false,"featured-blog-small":false,"featured-service":false,"featured-recent-work":false},"uagb_author_info":{"display_name":"admin","author_link":"https:\/\/stc.uniroma2.it\/?author=1"},"uagb_comment_info":0,"uagb_excerpt":"Uno spin-off \u00e8 un\u2019impresa operante in settori high-tech costituita da (almeno) un professore\/ricercatore universitario o da un dottorando\/contrattista\/studente che abbia effettuato attivit\u00e0 di ricerca su un tema specifico, oggetto di creazione dell&#8217;impresa stessa. Il suo obiettivo \u00e8 dunque dare spazio","_links":{"self":[{"href":"https:\/\/stc.uniroma2.it\/index.php?rest_route=\/wp\/v2\/pages\/8126","targetHints":{"allow":["GET"]}}],"collection":[{"href":"https:\/\/stc.uniroma2.it\/index.php?rest_route=\/wp\/v2\/pages"}],"about":[{"href":"https:\/\/stc.uniroma2.it\/index.php?rest_route=\/wp\/v2\/types\/page"}],"author":[{"embeddable":true,"href":"https:\/\/stc.uniroma2.it\/index.php?rest_route=\/wp\/v2\/users\/1"}],"replies":[{"embeddable":true,"href":"https:\/\/stc.uniroma2.it\/index.php?rest_route=%2Fwp%2Fv2%2Fcomments&post=8126"}],"version-history":[{"count":2,"href":"https:\/\/stc.uniroma2.it\/index.php?rest_route=\/wp\/v2\/pages\/8126\/revisions"}],"predecessor-version":[{"id":10368,"href":"https:\/\/stc.uniroma2.it\/index.php?rest_route=\/wp\/v2\/pages\/8126\/revisions\/10368"}],"up":[{"embeddable":true,"href":"https:\/\/stc.uniroma2.it\/index.php?rest_route=\/wp\/v2\/pages\/8121"}],"wp:attachment":[{"href":"https:\/\/stc.uniroma2.it\/index.php?rest_route=%2Fwp%2Fv2%2Fmedia&parent=8126"}],"curies":[{"name":"wp","href":"https:\/\/api.w.org\/{rel}","templated":true}]}}