 {"id":3838,"date":"2019-05-28T09:30:37","date_gmt":"2019-05-28T07:30:37","guid":{"rendered":"http:\/\/stc-2019.uniroma2.it\/?page_id=3838"},"modified":"2026-03-05T15:17:46","modified_gmt":"2026-03-05T14:17:46","slug":"conto-terzi","status":"publish","type":"page","link":"https:\/\/stc.uniroma2.it\/?page_id=3838","title":{"rendered":"Conto Terzi"},"content":{"rendered":"\n<p>Le attivit\u00e0 conto terzi perseguono l\u2019obiettivo dell\u2019Ateneo di <strong>potenziare il proprio legame con il territorio e il mondo produttivo, offrendo servizi di elevata qualit\u00e0<\/strong> nell\u2019ambito delle prestazioni professionali (inclusa la didattica) e della ricerca.<\/p>\n\n\n\n<p>Negli ultimi anni, numerosi soggetti pubblici e privati si sono rivolti, e continuano a rivolgersi, al Dipartimento di Scienze e Tecnologie Chimiche per <strong>progetti, ricerche e consulenze<\/strong> nei molteplici ambiti delle competenze presenti al suo interno.<\/p>\n\n\n\n<p>Pi\u00f9 nello specifico, le prestazioni espletabili in conto terzi possono riguardare:<\/p>\n\n\n\n<ol class=\"wp-block-list\">\n<li>prestazioni di ricerca, intese come attivit\u00e0 a prevalente finalit\u00e0 innovativa in campo scientifico o tecnico, svolte nell&#8217;interesse di soggetti terzi;<\/li>\n\n\n\n<li>attivit\u00e0 di consulenza e di studio, formulazione di pareri, studi di fattibilit\u00e0, assistenza tecnica e scientifica, coordinamento e supervisione, nonch\u00e9 attivit\u00e0 progettuali;<\/li>\n\n\n\n<li>le prestazioni di didattica, intese come corsi e seminari di qualificazione professionale e di aggiornamento, svolte anche in collaborazione con soggetti terzi, pubblici o privati, a condizione che il controllo scientifico\/didattico sia assicurato da docenti e\/o da strutture dell\u2019Ateneo;<\/li>\n\n\n\n<li>servizi disciplinati da tariffa che prevedono certificazioni o documentazioni tecniche (analisi, controlli, prove, tarature, prestazioni tecniche);<\/li>\n\n\n\n<li>sponsorizzazioni;<\/li>\n\n\n\n<li>ogni altra attivit\u00e0 che il Dipartimento pu\u00f2 effettuare nell&#8217;ambito delle proprie finalit\u00e0 istituzionali e, comunque, resa nel prevalente interesse del terzo committente.<\/li>\n<\/ol>\n\n\n\n<p>Le attivit\u00e0 conto terzi sono disciplinate dal <a href=\"https:\/\/web.uniroma2.it\/it\/contenuto\/regolamento-per-la-disciplina-delle-prestazioni-per-conto-terzi\" target=\"_blank\" rel=\"noreferrer noopener\">Regolamento di Ateneo<\/a>.<\/p>\n\n\n\n<p><strong>Enti e aziende che hanno commissionato attivit\u00e0 c\/terzi al Dip.to STC negli ultimi 5 anni:<\/strong><\/p>\n\n\n\n<ul class=\"wp-block-list\">\n<li>Biochemical Systems International S.p.A.<\/li>\n\n\n\n<li>Bridgestone Europe NV\/SA &#8211; Italian Branch<\/li>\n\n\n\n<li>BRIDGESTONE Technical Center Europe S.p.A.<\/li>\n\n\n\n<li>Cardiovascular Lab S.p.A.<\/li>\n\n\n\n<li>Carlo Bugli S.r.l.<\/li>\n\n\n\n<li>Collezione Nazionale dei Composti Chimici e Centro Screening \u2013 C.N.C.C.S. Scarl<\/li>\n\n\n\n<li>Colosseum Combinatorial Chemistry Centre for Technology Scarl<\/li>\n\n\n\n<li>Comitato Promotore di Raccolta Fondi a Tutela della Salute e dell\u2019Ambiente<\/li>\n\n\n\n<li>Drugs Minerals &amp; Generics S.r.l.<\/li>\n\n\n\n<li>Envint S.r.l.<\/li>\n\n\n\n<li>F.I.L.M.S. S.p.A.<\/li>\n\n\n\n<li>Gh\u00e8nesis Biotech Italia S.r.l.<\/li>\n\n\n\n<li>Green Energy Storage S.r.l.<\/li>\n\n\n\n<li>Istituto Biochimico Italiano Giovanni Lorenzini S.p.A.<\/li>\n\n\n\n<li>Consiglio Nazionale delle Ricerche (CNR) &#8211; Istituto di Struttura della Materia (ISM)<\/li>\n\n\n\n<li>Istituto Nazionale di Geofisica e Vulcanologia (INGV)<\/li>\n\n\n\n<li>Jucker Studio Legale<\/li>\n\n\n\n<li>Klopman International S.r.l.<\/li>\n\n\n\n<li>Lintes S.r.l.<\/li>\n\n\n\n<li>Merck Healthcare KGaA<\/li>\n\n\n\n<li>Ministero della Difesa \u2013 Segretariato Generale Difesa Direzione Nazionale Armamenti<\/li>\n\n\n\n<li>Mitec S.r.l.<\/li>\n\n\n\n<li>Museo Archeologico Nazionale Di Napoli (MANN)<\/li>\n\n\n\n<li>Nabiotech S.r.l.<\/li>\n\n\n\n<li>OMISAN farmaceutici S.r.l.<\/li>\n\n\n\n<li>Point Plastic S.r.l.<\/li>\n\n\n\n<li>Quinta Holminhos \u2013 Unipessoal Lda<\/li>\n\n\n\n<li>Sanofi S.r.l.<\/li>\n\n\n\n<li>Soprintendenza Citt\u00e0 Metropolitana di Firenze e Provincie Autonome di Prato e Pistoia<\/li>\n\n\n\n<li>Systea-System Technology Advance S.p.A.<\/li>\n\n\n\n<li>Szervin Kereskedelmi Kft<\/li>\n\n\n\n<li>Universit\u00e0 degli Studi Niccol\u00f2 Cusano \u2013 Telematica Roma<\/li>\n\n\n\n<li>WFS Ground Italy S.r.l.<\/li>\n<\/ul>\n","protected":false},"excerpt":{"rendered":"<p>Le attivit\u00e0 conto terzi perseguono l\u2019obiettivo dell\u2019Ateneo di potenziare il proprio legame con il territorio e il mondo produttivo, offrendo servizi di elevata qualit\u00e0 nell\u2019ambito delle prestazioni professionali (inclusa la didattica) e della ricerca. Negli ultimi anni, numerosi soggetti pubblici<\/p>\n","protected":false},"author":1,"featured_media":0,"parent":10303,"menu_order":5,"comment_status":"closed","ping_status":"closed","template":"","meta":{"_cbd_carousel_blocks":"[]","_uag_custom_page_level_css":"","_EventAllDay":false,"_EventTimezone":"","_EventStartDate":"","_EventEndDate":"","_EventStartDateUTC":"","_EventEndDateUTC":"","_EventShowMap":false,"_EventShowMapLink":false,"_EventURL":"","_EventCost":"","_EventCostDescription":"","_EventCurrencySymbol":"","_EventCurrencyCode":"","_EventCurrencyPosition":"","_EventDateTimeSeparator":"","_EventTimeRangeSeparator":"","_EventOrganizerID":[],"_EventVenueID":0,"_OrganizerEmail":"","_OrganizerPhone":"","_OrganizerWebsite":"","_VenueAddress":"","_VenueCity":"","_VenueCountry":"","_VenueProvince":"","_VenueZip":"","_VenuePhone":"","_VenueURL":"","_VenueStateProvince":"","_VenueLat":"","_VenueLng":"","footnotes":""},"class_list":["post-3838","page","type-page","status-publish","hentry"],"uagb_featured_image_src":{"full":false,"thumbnail":false,"medium":false,"medium_large":false,"large":false,"1536x1536":false,"2048x2048":false,"featured-blog-large":false,"featured-blog-small":false,"featured-service":false,"featured-recent-work":false},"uagb_author_info":{"display_name":"admin","author_link":"https:\/\/stc.uniroma2.it\/?author=1"},"uagb_comment_info":0,"uagb_excerpt":"Le attivit\u00e0 conto terzi perseguono l\u2019obiettivo dell\u2019Ateneo di potenziare il proprio legame con il territorio e il mondo produttivo, offrendo servizi di elevata qualit\u00e0 nell\u2019ambito delle prestazioni professionali (inclusa la didattica) e della ricerca. Negli ultimi anni, numerosi soggetti pubblici","_links":{"self":[{"href":"https:\/\/stc.uniroma2.it\/index.php?rest_route=\/wp\/v2\/pages\/3838","targetHints":{"allow":["GET"]}}],"collection":[{"href":"https:\/\/stc.uniroma2.it\/index.php?rest_route=\/wp\/v2\/pages"}],"about":[{"href":"https:\/\/stc.uniroma2.it\/index.php?rest_route=\/wp\/v2\/types\/page"}],"author":[{"embeddable":true,"href":"https:\/\/stc.uniroma2.it\/index.php?rest_route=\/wp\/v2\/users\/1"}],"replies":[{"embeddable":true,"href":"https:\/\/stc.uniroma2.it\/index.php?rest_route=%2Fwp%2Fv2%2Fcomments&post=3838"}],"version-history":[{"count":8,"href":"https:\/\/stc.uniroma2.it\/index.php?rest_route=\/wp\/v2\/pages\/3838\/revisions"}],"predecessor-version":[{"id":15092,"href":"https:\/\/stc.uniroma2.it\/index.php?rest_route=\/wp\/v2\/pages\/3838\/revisions\/15092"}],"up":[{"embeddable":true,"href":"https:\/\/stc.uniroma2.it\/index.php?rest_route=\/wp\/v2\/pages\/10303"}],"wp:attachment":[{"href":"https:\/\/stc.uniroma2.it\/index.php?rest_route=%2Fwp%2Fv2%2Fmedia&parent=3838"}],"curies":[{"name":"wp","href":"https:\/\/api.w.org\/{rel}","templated":true}]}}