 {"id":266,"date":"2014-02-19T13:58:42","date_gmt":"2014-02-19T12:58:42","guid":{"rendered":"http:\/\/stc.test.uniroma2.it\/?page_id=79"},"modified":"2026-03-30T13:05:52","modified_gmt":"2026-03-30T11:05:52","slug":"scienze-chimiche","status":"publish","type":"page","link":"https:\/\/stc.uniroma2.it\/?page_id=266","title":{"rendered":"Scienze Chimiche"},"content":{"rendered":"\n<p class=\"has-text-align-center\"><strong>Corso di Dottorato<\/strong><\/p>\n\n\n\n<p class=\"has-text-align-center\"><strong>SCIENZE CHIMICHE<\/strong><\/p>\n\n\n\n<p><strong>Coordinatore<\/strong>: <em>Prof. Massimo Bietti<\/em><\/p>\n\n\n\n<p>Il corso di <strong>Dottorato in Scienze Chimiche<\/strong> \u00e8 aperto a candidati che abbiano un Diploma di Laurea Italiano (vecchio ordinamento, Specialistica, Magistrale), oppure che abbiano conseguito all&#8217;estero un titolo equivalente (generalmente un Master degree).<br>Il principale obiettivo formativo del corso di Dottorato in Scienze Chimiche \u00e8 la preparazione di dottori di ricerca altamente qualificati nei vari settori avanzati delle scienze chimiche che comprendono anche gli ambiti di indagine prioritaria, Processi Chimici Innovativi, Microelettronica e sensoristica intelligente, Tecnologie innovative per la tutela dell\u2019ambiente, Micro e nano tecnologie, Nuovi materiali strutturali e funzionali.<br>Durante i tre anni del corso, il dottorando \u00e8 seguito da un supervisore, che lo seguir\u00e0 nel percorso di formazione, in modo da stimolare e incrementare la sua capacit\u00e0 di affrontare una linea di ricerca in maniera indipendente, proponendo ipotesi e procedure per la soluzione dei problemi, sia da un punto di vista teorico che sperimentale.<br>In questa formazione una parte importante \u00e8 rivolta alla capacit\u00e0 di leggere criticamente la letteratura scientifica e di sviluppare la capacit\u00e0 di scrivere un articolo scientifico. Per questo, l\u2019abilit\u00e0 di sapere comunicare in lingua inglese, sia verbale che scritta, \u00e8 un requisito irrinunciabile per i dottorandi.<br>Una lista non esauriente delle tematiche di ricerca possibili \u00e8 la seguente (si possono consultare i collegamenti al sito del Dipartimento per maggiori informazioni):<\/p>\n\n\n\n<ul class=\"wp-block-list\">\n<li><a href=\"http:\/\/sensorsgroup.uniroma2.it\/\" target=\"_blank\" rel=\"noopener noreferrer\">Sensori Chimici<\/a><\/li>\n\n\n\n<li><a href=\"http:\/\/www.francescoriccilab.com\/\" target=\"_blank\" rel=\"noopener noreferrer\">Biosensori e nanomacchine a DNA<\/a><\/li>\n\n\n\n<li><a href=\"http:\/\/sensorsgroup.uniroma2.it\/porphyrins-based-chemical-sensors\/\" target=\"_blank\" rel=\"noopener noreferrer\">Porfirine funzionalizzate<\/a><\/li>\n\n\n\n<li><a href=\"http:\/\/stc.uniroma2.it\/O2C\/\" target=\"_blank\" rel=\"noopener noreferrer\">Chimica Organica e Organometallica<\/a><\/li>\n\n\n\n<li>Reazioni di trasferimento di idrogeno mediante reazioni radicaliche all\u2019ossigeno<\/li>\n\n\n\n<li>Materiali Nanostrutturati<\/li>\n\n\n\n<li><a href=\"http:\/\/physchem.uniroma2.it\/\" target=\"_blank\" rel=\"noopener noreferrer\">Chimica Fisica<\/a><\/li>\n\n\n\n<li><a href=\"https:\/\/stc.uniroma2.it\/cfmacro\/cfmacroindex.htm\" target=\"_blank\" rel=\"noreferrer noopener\">Macromolecole<\/a><\/li>\n\n\n\n<li><a href=\"https:\/\/stc.uniroma2.it\/wp-content\/uploads\/2023\/02\/nuclear-magnetic-resonance-and-mass-spectr-lab.pdf\" target=\"_blank\" rel=\"noreferrer noopener\">Nuclear Magnetic Resonance and Mass Spectrometry Laborator<\/a>y<\/li>\n\n\n\n<li>Startnetics<\/li>\n<\/ul>\n\n\n\n<p>Per le numerose collaborazioni internazionali, gli studenti sono fortemente incoraggiati a svolgere parte del progetto di ricerca presso gruppi di ricerca di Universit\u00e0 sia italiane che straniere.<br>Allo scopo di approfondire le conoscenze teoriche necessarie per l\u2019indagine scientifica, sia su argomenti generali che su settori specifici di ricerca, il corso prevede un\u2019attivit\u00e0 didattica per i dottorandi che consiste nella partecipazione a cicli di seminari e conferenze e nella frequenza di corsi intensivi, a carattere monografico.<br>Alla fine di ciascun anno accademico, il dottorando dovr\u00e0 presentare una relazione, sia orale che scritta, al Collegio dei Docenti, per poter proseguire gli studi.<br>Il titolo di Dottora di Ricerca \u00e8 conseguito al termine dei tre anni di corso, dopo aver completato le attivit\u00e0 di ricerca ed aver presentato una tesi di Dottorato. Tale tesi dovr\u00e0 essere approvata da due revisori esterni, per poi essere presentata oralmente di fronte ad una Commissione, per l\u2019approvazione finale.<\/p>\n","protected":false},"excerpt":{"rendered":"<p>Corso di Dottorato SCIENZE CHIMICHE Coordinatore: Prof. Massimo Bietti Il corso di Dottorato in Scienze Chimiche \u00e8 aperto a candidati che abbiano un Diploma di Laurea Italiano (vecchio ordinamento, Specialistica, Magistrale), oppure che abbiano conseguito all&#8217;estero un titolo equivalente (generalmente<\/p>\n","protected":false},"author":1,"featured_media":0,"parent":265,"menu_order":1,"comment_status":"closed","ping_status":"closed","template":"","meta":{"_cbd_carousel_blocks":"[]","_uag_custom_page_level_css":"","_EventAllDay":false,"_EventTimezone":"","_EventStartDate":"","_EventEndDate":"","_EventStartDateUTC":"","_EventEndDateUTC":"","_EventShowMap":false,"_EventShowMapLink":false,"_EventURL":"","_EventCost":"","_EventCostDescription":"","_EventCurrencySymbol":"","_EventCurrencyCode":"","_EventCurrencyPosition":"","_EventDateTimeSeparator":"","_EventTimeRangeSeparator":"","_EventOrganizerID":[],"_EventVenueID":0,"_OrganizerEmail":"","_OrganizerPhone":"","_OrganizerWebsite":"","_VenueAddress":"","_VenueCity":"","_VenueCountry":"","_VenueProvince":"","_VenueZip":"","_VenuePhone":"","_VenueURL":"","_VenueStateProvince":"","_VenueLat":"","_VenueLng":"","footnotes":""},"class_list":["post-266","page","type-page","status-publish","hentry"],"uagb_featured_image_src":{"full":false,"thumbnail":false,"medium":false,"medium_large":false,"large":false,"1536x1536":false,"2048x2048":false,"featured-blog-large":false,"featured-blog-small":false,"featured-service":false,"featured-recent-work":false},"uagb_author_info":{"display_name":"admin","author_link":"https:\/\/stc.uniroma2.it\/?author=1"},"uagb_comment_info":0,"uagb_excerpt":"Corso di Dottorato SCIENZE CHIMICHE Coordinatore: Prof. Massimo Bietti Il corso di Dottorato in Scienze Chimiche \u00e8 aperto a candidati che abbiano un Diploma di Laurea Italiano (vecchio ordinamento, Specialistica, Magistrale), oppure che abbiano conseguito all&#8217;estero un titolo equivalente (generalmente","_links":{"self":[{"href":"https:\/\/stc.uniroma2.it\/index.php?rest_route=\/wp\/v2\/pages\/266","targetHints":{"allow":["GET"]}}],"collection":[{"href":"https:\/\/stc.uniroma2.it\/index.php?rest_route=\/wp\/v2\/pages"}],"about":[{"href":"https:\/\/stc.uniroma2.it\/index.php?rest_route=\/wp\/v2\/types\/page"}],"author":[{"embeddable":true,"href":"https:\/\/stc.uniroma2.it\/index.php?rest_route=\/wp\/v2\/users\/1"}],"replies":[{"embeddable":true,"href":"https:\/\/stc.uniroma2.it\/index.php?rest_route=%2Fwp%2Fv2%2Fcomments&post=266"}],"version-history":[{"count":5,"href":"https:\/\/stc.uniroma2.it\/index.php?rest_route=\/wp\/v2\/pages\/266\/revisions"}],"predecessor-version":[{"id":15132,"href":"https:\/\/stc.uniroma2.it\/index.php?rest_route=\/wp\/v2\/pages\/266\/revisions\/15132"}],"up":[{"embeddable":true,"href":"https:\/\/stc.uniroma2.it\/index.php?rest_route=\/wp\/v2\/pages\/265"}],"wp:attachment":[{"href":"https:\/\/stc.uniroma2.it\/index.php?rest_route=%2Fwp%2Fv2%2Fmedia&parent=266"}],"curies":[{"name":"wp","href":"https:\/\/api.w.org\/{rel}","templated":true}]}}