 {"id":250,"date":"2014-02-19T12:47:56","date_gmt":"2014-02-19T11:47:56","guid":{"rendered":"http:\/\/stc.test.uniroma2.it\/?page_id=43"},"modified":"2024-08-29T18:03:57","modified_gmt":"2024-08-29T16:03:57","slug":"presentazione","status":"publish","type":"page","link":"https:\/\/stc.uniroma2.it\/?page_id=250","title":{"rendered":"Presentazione"},"content":{"rendered":"\n<p>Il Dipartimento di Scienze e Tecnologie Chimiche (DSTC) dell\u2019Universit\u00e0 di Roma \u201cTor Vergata\u201d offre opportunit\u00e0 di studio e ricerca nelle scienze chimiche. La Chimica \u00e8 una scienza centrale per uno sviluppo sostenibile: permette di offrire una migliore qualit\u00e0 della vita attraverso lo sviluppo di processi di sintesi innovativi e di catalizzatori pi\u00f9 efficaci, la produzione sostenibile di energia, la comprensione, attraverso teoria e sperimentazione, dei processi alla base dei sistemi naturali complessi, la diagnosi e cura di molte malattie, lo sviluppo di materiali con nuove propriet\u00e0, e molto altro ancora.<\/p>\n\n\n\n<p>L&#8217;ampio spettro delle attivit\u00e0 svolte riflette l\u2019interdisciplinariet\u00e0 presente nel DSTC: il nostro personale \u00e8 specializzato in chimica analitica, chimica fisica, chimica organica, chimica inorganica, chimica applicata, biochimica, fisica e scienza dei materiali. Questa variet\u00e0 di interessi e attivit\u00e0, assieme a un\u2019ampia attivit\u00e0 seminariale, permette di offrire ai nostri studenti una formazione di elevata qualit\u00e0 stimolando lo sviluppo dello spirito critico necessario alle loro attivit\u00e0 future.<\/p>\n\n\n\n<p>I risultati della pi\u00f9 recente Valutazione della qualit\u00e0 della Ricerca in Italia, VQR 2015\/19, condotta dall&#8217;ANVUR (Agenzia Nazionale di Valutazione delle Universit\u00e0 e della Ricerca) hanno portato alla selezione del DSTC fra gli undici Dipartimenti di Eccellenza nell&#8217;Area delle Scienze Chimiche con il progetto quinquennale <strong>X-CHEM<\/strong> (\u201ceXpanding CHEMistry: implementing excellence in research and teaching\u201d).<\/p>\n\n\n\n<p>Con <strong>X-CHEM<\/strong> il DSTC ha come obiettivo divenire punto di riferimento nell\u2019area Chimica a livello nazionale e internazionale, sviluppando non solo nuove sinergie attraverso l\u2019interazione e la collaborazione tra tutti i gruppi di ricerca delle diverse aree tematiche, ma anche ampliando le linee di ricerca esistenti e potenziando la didattica di eccellenza, grazie al reclutamento, nei prossimi cinque anni, di nuovo personale e alla creazione di un\u2019infrastruttura avanzata di microscopia.<\/p>\n","protected":false},"excerpt":{"rendered":"<p>Il Dipartimento di Scienze e Tecnologie Chimiche (DSTC) dell\u2019Universit\u00e0 di Roma \u201cTor Vergata\u201d offre opportunit\u00e0 di studio e ricerca nelle scienze chimiche. La Chimica \u00e8 una scienza centrale per uno sviluppo sostenibile: permette di offrire una migliore qualit\u00e0 della vita<\/p>\n","protected":false},"author":1,"featured_media":0,"parent":257,"menu_order":1,"comment_status":"closed","ping_status":"closed","template":"","meta":{"_cbd_carousel_blocks":"[]","_uag_custom_page_level_css":"","_EventAllDay":false,"_EventTimezone":"","_EventStartDate":"","_EventEndDate":"","_EventStartDateUTC":"","_EventEndDateUTC":"","_EventShowMap":false,"_EventShowMapLink":false,"_EventURL":"","_EventCost":"","_EventCostDescription":"","_EventCurrencySymbol":"","_EventCurrencyCode":"","_EventCurrencyPosition":"","_EventDateTimeSeparator":"","_EventTimeRangeSeparator":"","_EventOrganizerID":[],"_EventVenueID":0,"_OrganizerEmail":"","_OrganizerPhone":"","_OrganizerWebsite":"","_VenueAddress":"","_VenueCity":"","_VenueCountry":"","_VenueProvince":"","_VenueZip":"","_VenuePhone":"","_VenueURL":"","_VenueStateProvince":"","_VenueLat":"","_VenueLng":"","footnotes":""},"class_list":["post-250","page","type-page","status-publish","hentry"],"uagb_featured_image_src":{"full":false,"thumbnail":false,"medium":false,"medium_large":false,"large":false,"1536x1536":false,"2048x2048":false,"featured-blog-large":false,"featured-blog-small":false,"featured-service":false,"featured-recent-work":false},"uagb_author_info":{"display_name":"admin","author_link":"https:\/\/stc.uniroma2.it\/?author=1"},"uagb_comment_info":0,"uagb_excerpt":"Il Dipartimento di Scienze e Tecnologie Chimiche (DSTC) dell\u2019Universit\u00e0 di Roma \u201cTor Vergata\u201d offre opportunit\u00e0 di studio e ricerca nelle scienze chimiche. La Chimica \u00e8 una scienza centrale per uno sviluppo sostenibile: permette di offrire una migliore qualit\u00e0 della vita","_links":{"self":[{"href":"https:\/\/stc.uniroma2.it\/index.php?rest_route=\/wp\/v2\/pages\/250","targetHints":{"allow":["GET"]}}],"collection":[{"href":"https:\/\/stc.uniroma2.it\/index.php?rest_route=\/wp\/v2\/pages"}],"about":[{"href":"https:\/\/stc.uniroma2.it\/index.php?rest_route=\/wp\/v2\/types\/page"}],"author":[{"embeddable":true,"href":"https:\/\/stc.uniroma2.it\/index.php?rest_route=\/wp\/v2\/users\/1"}],"replies":[{"embeddable":true,"href":"https:\/\/stc.uniroma2.it\/index.php?rest_route=%2Fwp%2Fv2%2Fcomments&post=250"}],"version-history":[{"count":5,"href":"https:\/\/stc.uniroma2.it\/index.php?rest_route=\/wp\/v2\/pages\/250\/revisions"}],"predecessor-version":[{"id":11192,"href":"https:\/\/stc.uniroma2.it\/index.php?rest_route=\/wp\/v2\/pages\/250\/revisions\/11192"}],"up":[{"embeddable":true,"href":"https:\/\/stc.uniroma2.it\/index.php?rest_route=\/wp\/v2\/pages\/257"}],"wp:attachment":[{"href":"https:\/\/stc.uniroma2.it\/index.php?rest_route=%2Fwp%2Fv2%2Fmedia&parent=250"}],"curies":[{"name":"wp","href":"https:\/\/api.w.org\/{rel}","templated":true}]}}