 {"id":14109,"date":"2025-02-10T11:09:24","date_gmt":"2025-02-10T10:09:24","guid":{"rendered":"https:\/\/stc.uniroma2.it\/?page_id=14109"},"modified":"2025-02-10T11:13:03","modified_gmt":"2025-02-10T10:13:03","slug":"premi-archiviati","status":"publish","type":"page","link":"https:\/\/stc.uniroma2.it\/?page_id=14109","title":{"rendered":"Premi archiviati"},"content":{"rendered":"<ul class=\"lcp_catlist\" id=\"lcp_instance_0\"><li><a href=\"https:\/\/stc.uniroma2.it\/?p=13799\">Premio Matilde Fierro della Societ\u00e0 Italiana di Cancerologia<\/a><span class=\"my-date\">  9 Ottobre 2024<\/span><div class=\"lcp_excerpt\">\nCon estremo piacere volevo informarti che in&nbsp;occasione del meeting &#8220;Science-driven approaches to achieve early diagnosis of cancer and to overcome therapy resistance&#8221; organizzato dalla Societ\u00e0 Italiana di Cancerologia a Milano (25-27 settembre 2024),&nbsp;Francesca Corsi \u00e8 risultata vincitrice del premio &#8220;Matilde Fierro&#8221; per la migliore presentazione nell&#8217;ambito della diagnosi precoce e&nbsp;della resistenza alle terapie antitumorali.\n\n\nIl poster ...<\/div><\/li><li><a href=\"https:\/\/stc.uniroma2.it\/?p=13231\">Premi AICIng &#8211; Associazione Italiana di Chimica per l\u2019Ingegneria<\/a><span class=\"my-date\">  17 Giugno 2024<\/span><div class=\"lcp_excerpt\">\nCon grande soddisfazione si comunica che le nostre collaboratrici Lorena Di Zazzo e Williane Da Silva Freitas hanno ricevuto due dei quattro premi assegnati dall\u2019AICIng (Associazione Italiana di Chimica per l\u2019Ingegneria) per le migliori presentazioni orali in occasione del X Workshop Nazionale AICIng tenutosi a Perugia nei giorni 13-14 giugno 2024.\n\n\nLorenadi Lazzo ha presentato il ...<\/div><\/li><li><a href=\"https:\/\/stc.uniroma2.it\/?p=13225\">Premio al Dott. Leonardo Duranti<\/a><span class=\"my-date\">  14 Giugno 2024<\/span><div class=\"lcp_excerpt\">\nIl Dott. Leonardo Duranti ha ricevuto un premio per la migliore presentazione orale della sezione \u201cMaterials and technologies for innovative and sustainable manufacturing\u201d in memoria del Prof. Gualtiero Gusmano in occasione del XIV Congresso INSTM sulla Scienza e Tecnologia dei Materiali tenutosi a Cagliari dal 9 al 12 giugno 2024.\n\n\nPremiazione\n\n<\/div><\/li><li><a href=\"https:\/\/stc.uniroma2.it\/?p=11258\">Premio \u201cGiorgio Squinzi\u201d per Tesi di Laurea Magistrale Edizione 2022-23<\/a><span class=\"my-date\">  7 Febbraio 2023<\/span><div class=\"lcp_excerpt\">\nCon l\u2019obiettivo di rafforzare l\u2019interazione tra Universit\u00e0 e imprese,&nbsp;Federchimica ha scelto di offrire, alcuni&nbsp;Premi per Tesi di Laurea Magistrale&nbsp;in memoria di&nbsp;Giorgio Squinzi, laureato in chimica, grande imprenditore e indimenticato Presidente di Confindustria e Federchimica, scomparso nel 2019.\n\n\nNel 2023 sono a disposizione&nbsp;15 premi&nbsp;del valore di&nbsp;2.000 euro&nbsp;ciascuno (al netto delle ritenute erariali) per tesi discusse nell\u2019Anno Accademico ...<\/div><\/li><li><a href=\"https:\/\/stc.uniroma2.it\/?p=10018\">Premio miglior Poster al Congresso Internazionale di Risonanza Magnetica Italo-Francese<\/a><span class=\"my-date\">  30 Settembre 2022<\/span><div class=\"lcp_excerpt\">\nLa nostra dottoranda Giorgia Ciufolini ha vinto il primo premio al miglior poster presentato nel Congresso Internazionale di Risonanza Magnetica Italo-Francese, a Milano, dal 27-30 settembre 2022.\n\n\nQuesto riconoscimento \u00e8 testimone della elevata qualit\u00e0 della ricerca che facciamo nel nostro dipartimento e della qualit\u00e0 dei nostri dottorandi.\n\n\nCongratulazioni\n\n<\/div><\/li><li><a href=\"https:\/\/stc.uniroma2.it\/?p=9924\">Premi &#8211; dottorandi &#8211; Giornate dell\u2019Elettrochimica Italiana (GEI)<\/a><span class=\"my-date\">  19 Settembre 2022<\/span><div class=\"lcp_excerpt\">\nNell\u2019ambito delle Giornate dell\u2019Elettrochimica Italiana (GEI), congresso annuale della Divisione di Elettrochimica della Societ\u00e0 Chimica Italiana (SCI), tenutosi ad Orvieto da l\u201911 al 15 settembre 2022, le studentesse del corso di dottorato Materials for Health, Environment and Energy,&nbsp;Dr.ssa Martina Marasi&nbsp;(XXXV ciclo) e&nbsp;Dott.ssa Anna Paola Panunzi (XXXVI ciclo) sono risultate vincitrici rispettivamente dei&nbsp;premi per la migliore ...<\/div><\/li><li><a href=\"https:\/\/stc.uniroma2.it\/?p=9860\">Premio EuChemS 2022 &#8211; Erica Del Grosso &#8220;Silver Medal&#8221;<\/a><span class=\"my-date\">  2 Settembre 2022<\/span><div class=\"lcp_excerpt\">\nSimona Ranallo e Erica Del Grosso sono risultate finaliste del premio internazionale European Young Chemist Award (EYCA) 2022 nella categoria post-doc, il premio per giovani ricercatori assegnato ogni due anni dalla European Chemical Society (EuChemS).&nbsp;\n\n\nI 6 finalisti hanno presentato le loro ricerche di fronte ad una giuria composta da 4 membri delle societ\u00e0 chimiche europee ...<\/div><\/li><li><a href=\"https:\/\/stc.uniroma2.it\/?p=9855\">Eni Award 2023<\/a><span class=\"my-date\">  2 Settembre 2022<\/span><div class=\"lcp_excerpt\">\n\n\n\nCOMPETITION ANNOUNCEMENT\n\n\nEni Award 2023\n\n\n\n\n\nThe Prize&nbsp;Energy Transition&nbsp;&#8211; 200.000 Euros\n\n\nThe Prize&nbsp;Energy Frontiers&nbsp;&#8211; 200.000 Euros\n\n\nThe Prize&nbsp;Advanced Environmental Solutions&nbsp;&#8211; 200.000 Euros\n\n\nand\n\n\nTwo Prizes&nbsp;Young Researcher of the Year&nbsp;&#8211; 25.000 Euros each\n\n\nFour Prizes&nbsp;Debut in Research: Young Talents from Africa&nbsp;&#8211; Four scholarships for PhD program in Italy\n\n\nDeadline for the candidature proposals\n\n\nNovember 25th, 2022 &#8211; 5.00 pm CET (Central European Time)\n\n\nFor further information\n\n\nhttps:\/\/www.eni.com\/en-IT\/scientific-research\/eni-award.html\n\n\n***\n\n\nTHE ENI ...<\/div><\/li><li><a href=\"https:\/\/stc.uniroma2.it\/?p=7679\">La Dott.ssa Williane Da Silva Freitas vincitrice del Premio di Dottorato 2022 della Divisione di Elettrochimica della SCI<\/a><span class=\"my-date\">  21 Giugno 2022<\/span><div class=\"lcp_excerpt\">\n\n\n\nIl Direttivo della Divisione di Elettrochimica della Societ\u00e0 Chimica Italiana ha attribuito il&nbsp;Premio di Dottorato 2022 \u201cFondazione Oronzio e Niccol\u00f2 De Nora\u201d&nbsp;alla&nbsp;Dott.ssa Williane Da Silva Freitas, autrice di una tesi dal titolo \u201cDevelopment of Platinum Group Metal-Free Electrocatalysts for Oxygen Reduction Reaction in Electrochemical Devices\u201d.\n\n\nIl lavoro di tesi della Dott.ssa Freitas \u00e8 stato svolto nell\u2019ambito ...<\/div><\/li><li><a href=\"https:\/\/stc.uniroma2.it\/?p=5581\">Eni Award 2022 &#8211; Premio Giovane Ricercatore dell&#8217;Anno<\/a><span class=\"my-date\">  21 Ottobre 2021<\/span><div class=\"lcp_excerpt\">Eni indice 2 premi rivolti a a dottorandi o neo dottori di ricerca, che abbiano discusso o debbano discutere la propria tesi di dottorato presso un Ateneo Italiano nel 2020 o nel 2021&#8230;\n<\/div><\/li><li><a href=\"https:\/\/stc.uniroma2.it\/?p=5519\">Menzione di merito al dott. Alessandro Bertucci per il Premio Primo Levi 2020<\/a><span class=\"my-date\">  24 Settembre 2021<\/span><div class=\"lcp_excerpt\">Anche quest\u2019anno i giovani del nostro Dipartimento si distinguono nella competizione \u201cPremio Primo Levi 2020\u201d.  ..\t\t\t\n<\/div><\/li><li><a href=\"https:\/\/stc.uniroma2.it\/?p=5406\">Premio Rita Levi-Montalcini per la cooperazione scientifica tra Italia e Israele<\/a><span class=\"my-date\">  9 Settembre 2021<\/span><div class=\"lcp_excerpt\">Premio Rita Levi-Montalcini per la cooperazione scientifica tra Italia e Israele<\/div><\/li><li><a href=\"https:\/\/stc.uniroma2.it\/?p=5404\">Premio Tesi di Dottorato 2021 alla dr.ssa Greta Petrella del &#8220;Gruppo Italiano Discussione Risonanze Magnetiche (GIDRM)&#8221;<\/a><span class=\"my-date\">  7 Settembre 2021<\/span><div class=\"lcp_excerpt\">Va alla dr.ssa Greta Petrella il premio per la migliore Tesi di Dottorato 2021 del Gruppo Italiano Discussione Risonanze Magnetiche (GIDRM)&#8230;\n<\/div><\/li><li><a href=\"https:\/\/stc.uniroma2.it\/?p=5356\">Premio L&#8217;Oreal Unesco &#8211; Lorena Baranda Pellejero<\/a><span class=\"my-date\">  17 Giugno 2021<\/span><div class=\"lcp_excerpt\">\nLa dott.ssa Lorena Baranda Pellejero, dottoranda presso il nostro Dipartimento del gruppo del prof. Ricci, \u00e8 risultata tra le 6 vincitrici del premio L\u2019Oreal Unesco.\n\n\nIl premio \u00e8 riservato a ricercatrici under 35 e viene assegnato sulla base dell&#8217;eccellenza riconosciuta ai loro progetti nei campi delle scienze della vita e della materia. Il bando di questa ...<\/div><\/li><li><a href=\"https:\/\/stc.uniroma2.it\/?p=5182\">Bando Premio rotariano &#8220;Mario Maria Jacopetti&#8221;<\/a><span class=\"my-date\">  15 Marzo 2021<\/span><div class=\"lcp_excerpt\">Bando Premio rotariano \"Mario Maria Jacopetti\"<\/div><\/li><li><a href=\"https:\/\/stc.uniroma2.it\/?p=5119\">Premio &#8220;Giorgio Squinzi&#8221; per Tesi di Laurea Magistrale Edizione 2021<\/a><span class=\"my-date\">  9 Febbraio 2021<\/span><div class=\"lcp_excerpt\">Premio \"Giorgio Squinzi\" per Tesi di Laurea Magistrale Edizione 2021<\/div><\/li><li><a href=\"https:\/\/stc.uniroma2.it\/?p=5078\">Premio Balzan 2021<\/a><span class=\"my-date\">  19 Gennaio 2021<\/span><div class=\"lcp_excerpt\">\nLa Fondazione Internazionale Balzan invita a presentare le candidature per i Premi Balzan 2021.La scadenza per la presentazione delle domande \u00e8 il 15 marzo 2021.\n\n\nClicca qui per maggiori informazioni e sulle modalit\u00e0 per presentare le candidature.\n\n<\/div><\/li><li><a href=\"https:\/\/stc.uniroma2.it\/?p=4895\">Premio Primo Levi 2019 ~ Post-doc alla dr.ssa Simona Ranallo<\/a><span class=\"my-date\">  7 Ottobre 2020<\/span><div class=\"lcp_excerpt\">\n\u201cOrthogonal regulation of DNA nanostructure; Self-assembly and disassembly using antibodies\u201d, pubblicato lo scorso anno su Nature Communication.\n\n\nIl prestigioso premio della SCI (Societ\u00e0 Chimica Italiana) \u00e8 stato ha consegnato questa mattina a Simona,&nbsp;in contemporanea al conferimento del premio Nobel a Emmanuel Charpentier e Jennifer Doudna&nbsp;(per la prima volta premiate insieme due donne).\n\n\nClicca qui&nbsp;per guardare il video ...<\/div><\/li><li><a href=\"https:\/\/stc.uniroma2.it\/?p=4830\">Premi di Ricerca 2020 &#8220;Fondazione Carlo Erba&#8221;<\/a><span class=\"my-date\">  23 Settembre 2020<\/span><div class=\"lcp_excerpt\">\nLa Fondazione Carlo Erba (Premi Cecilia Cioffrese), in collaborazione con KEDRION (Premi Guelfo Marcucci) e con KEDRION E PPTA (Premi Fabrizio Fabbrizzi) bandisce per l&#8217;anno 2020 i segueti premi:\n\n\n Premio &#8220;Cecilia Ciofrrese&#8221; 2020 &#8211; malattie oncologiche Premio &#8220;Cecilia Ciofrrese&#8221; 2020 &#8211; malattie virali Premio &#8220;Guelfo Marcucci&#8221; 2020 &#8211; ematologia non oncologica Premii &#8220;Fabrizio Fabbrizzi&#8221; 2020 ...<\/div><\/li><li><a href=\"https:\/\/stc.uniroma2.it\/?p=4793\">Premio Rita Levi-Montalcini ed. 2020 &#8211; Avviso per la presentazione di progetti<\/a><span class=\"my-date\">  7 Settembre 2020<\/span><div class=\"lcp_excerpt\">\nUn&#8217; interessante opportunit\u00e0 di collaborazione con studiosi israeliani segnalata dalla CRUI.\n\n\nSi chiede di comunicare all&#8217;indirizzo prorettorericerca@uniroma2.it in caso di presentazione di un progetto.\n\n\n Clicca qui per scaricare l&#8217;Avviso\n\n\n Clicca qui per il modulo di presentazione del Progetto\n\n<\/div><\/li><\/ul><ul class='lcp_paginator'><li class='lcp_currentpage'>1<\/li><li><a href='https:\/\/stc.uniroma2.it\/index.php?rest_route=%2Fwp%2Fv2%2Fpages%2F14109&#038;lcp_page0=2#lcp_instance_0' title='2'>2<\/a><\/li><li><a href='https:\/\/stc.uniroma2.it\/index.php?rest_route=%2Fwp%2Fv2%2Fpages%2F14109&#038;lcp_page0=3#lcp_instance_0' title='3'>3<\/a><\/li><li><a href='https:\/\/stc.uniroma2.it\/index.php?rest_route=%2Fwp%2Fv2%2Fpages%2F14109&#038;lcp_page0=2#lcp_instance_0' title='2' class='lcp_nextlink'>&gt;&gt;<\/a><\/li><\/ul>\n","protected":false},"excerpt":{"rendered":"","protected":false},"author":1,"featured_media":0,"parent":14107,"menu_order":1,"comment_status":"closed","ping_status":"closed","template":"","meta":{"_cbd_carousel_blocks":"[]","_uag_custom_page_level_css":"","_EventAllDay":false,"_EventTimezone":"","_EventStartDate":"","_EventEndDate":"","_EventStartDateUTC":"","_EventEndDateUTC":"","_EventShowMap":false,"_EventShowMapLink":false,"_EventURL":"","_EventCost":"","_EventCostDescription":"","_EventCurrencySymbol":"","_EventCurrencyCode":"","_EventCurrencyPosition":"","_EventDateTimeSeparator":"","_EventTimeRangeSeparator":"","_EventOrganizerID":[],"_EventVenueID":0,"_OrganizerEmail":"","_OrganizerPhone":"","_OrganizerWebsite":"","_VenueAddress":"","_VenueCity":"","_VenueCountry":"","_VenueProvince":"","_VenueZip":"","_VenuePhone":"","_VenueURL":"","_VenueStateProvince":"","_VenueLat":"","_VenueLng":"","footnotes":""},"class_list":["post-14109","page","type-page","status-publish","hentry"],"uagb_featured_image_src":{"full":false,"thumbnail":false,"medium":false,"medium_large":false,"large":false,"1536x1536":false,"2048x2048":false,"featured-blog-large":false,"featured-blog-small":false,"featured-service":false,"featured-recent-work":false},"uagb_author_info":{"display_name":"admin","author_link":"https:\/\/stc.uniroma2.it\/?author=1"},"uagb_comment_info":0,"uagb_excerpt":null,"_links":{"self":[{"href":"https:\/\/stc.uniroma2.it\/index.php?rest_route=\/wp\/v2\/pages\/14109","targetHints":{"allow":["GET"]}}],"collection":[{"href":"https:\/\/stc.uniroma2.it\/index.php?rest_route=\/wp\/v2\/pages"}],"about":[{"href":"https:\/\/stc.uniroma2.it\/index.php?rest_route=\/wp\/v2\/types\/page"}],"author":[{"embeddable":true,"href":"https:\/\/stc.uniroma2.it\/index.php?rest_route=\/wp\/v2\/users\/1"}],"replies":[{"embeddable":true,"href":"https:\/\/stc.uniroma2.it\/index.php?rest_route=%2Fwp%2Fv2%2Fcomments&post=14109"}],"version-history":[{"count":2,"href":"https:\/\/stc.uniroma2.it\/index.php?rest_route=\/wp\/v2\/pages\/14109\/revisions"}],"predecessor-version":[{"id":14112,"href":"https:\/\/stc.uniroma2.it\/index.php?rest_route=\/wp\/v2\/pages\/14109\/revisions\/14112"}],"up":[{"embeddable":true,"href":"https:\/\/stc.uniroma2.it\/index.php?rest_route=\/wp\/v2\/pages\/14107"}],"wp:attachment":[{"href":"https:\/\/stc.uniroma2.it\/index.php?rest_route=%2Fwp%2Fv2%2Fmedia&parent=14109"}],"curies":[{"name":"wp","href":"https:\/\/api.w.org\/{rel}","templated":true}]}}