 {"id":13327,"date":"2024-07-29T16:20:06","date_gmt":"2024-07-29T14:20:06","guid":{"rendered":"https:\/\/stc.uniroma2.it\/?page_id=13327"},"modified":"2025-04-30T09:36:17","modified_gmt":"2025-04-30T07:36:17","slug":"piano-strategico-triennale","status":"publish","type":"page","link":"https:\/\/stc.uniroma2.it\/?page_id=13327","title":{"rendered":"Piano Strategico Triennale"},"content":{"rendered":"\n<p>Con delibera del <a rel=\"noreferrer noopener\" href=\"https:\/\/stc.uniroma2.it\/wp-content\/uploads\/2024\/07\/verbale06-CdD-20240710.pdf\" target=\"_blank\">Consiglio di Dipartimento del 10 luglio 2024<\/a>, \u00e8 stato approvato il <a rel=\"noreferrer noopener\" href=\"https:\/\/stc.uniroma2.it\/wp-content\/uploads\/2024\/09\/piano-triennale_24-26_DSTC.pdf\" target=\"_blank\">Piano Strategico per il triennio 2024-2026<\/a> che delinea le linee programmatiche del Dipartimento sulla base degli indirizzi del Piano Strategico di Ateneo 2024-2026. Il Piano illustra il contesto, la missione e gli obiettivi del dipartimento, analizzando nel dettaglio criticit\u00e0, opportunit\u00e0 e potenzialit\u00e0 nelle attivit\u00e0 del Dipartimento nell\u2019ambito della ricerca, didattica e terza missione.<\/p>\n\n\n\n<p>Attivit\u00e0 2025:<\/p>\n\n\n\n<p>A far data dal 01\/11\/2024 il Prof. Roberto Paolesse \u00e8 il nuovo Direttore (<a href=\"https:\/\/stc.uniroma2.it\/?page_id=12670\" data-type=\"page\" data-id=\"12670\" target=\"_blank\" rel=\"noreferrer noopener\">Organi e Commissioni<\/a>)<\/p>\n\n\n\n<p>Alla pagina relativa ai documenti della <a href=\"https:\/\/stc.uniroma2.it\/?page_id=13542\" data-type=\"page\" data-id=\"13542\" target=\"_blank\" rel=\"noreferrer noopener\">Commissione assicurazione qualit\u00e0 di Dipartimento<\/a> sono riportati gli odg e i verbali per le attivit\u00e0 di monitoraggio, valutazione e autovalutazione degli obiettivi del PSD del DSTC.<\/p>\n\n\n\n<p><\/p>\n","protected":false},"excerpt":{"rendered":"<p>Con delibera del Consiglio di Dipartimento del 10 luglio 2024, \u00e8 stato approvato il Piano Strategico per il triennio 2024-2026 che delinea le linee programmatiche del Dipartimento sulla base degli indirizzi del Piano Strategico di Ateneo 2024-2026. Il Piano illustra<\/p>\n","protected":false},"author":1,"featured_media":0,"parent":257,"menu_order":13,"comment_status":"closed","ping_status":"closed","template":"","meta":{"_cbd_carousel_blocks":"[]","_uag_custom_page_level_css":"","_EventAllDay":false,"_EventTimezone":"","_EventStartDate":"","_EventEndDate":"","_EventStartDateUTC":"","_EventEndDateUTC":"","_EventShowMap":false,"_EventShowMapLink":false,"_EventURL":"","_EventCost":"","_EventCostDescription":"","_EventCurrencySymbol":"","_EventCurrencyCode":"","_EventCurrencyPosition":"","_EventDateTimeSeparator":"","_EventTimeRangeSeparator":"","_EventOrganizerID":[],"_EventVenueID":0,"_OrganizerEmail":"","_OrganizerPhone":"","_OrganizerWebsite":"","_VenueAddress":"","_VenueCity":"","_VenueCountry":"","_VenueProvince":"","_VenueZip":"","_VenuePhone":"","_VenueURL":"","_VenueStateProvince":"","_VenueLat":"","_VenueLng":"","footnotes":""},"class_list":["post-13327","page","type-page","status-publish","hentry"],"uagb_featured_image_src":{"full":false,"thumbnail":false,"medium":false,"medium_large":false,"large":false,"1536x1536":false,"2048x2048":false,"featured-blog-large":false,"featured-blog-small":false,"featured-service":false,"featured-recent-work":false},"uagb_author_info":{"display_name":"admin","author_link":"https:\/\/stc.uniroma2.it\/?author=1"},"uagb_comment_info":0,"uagb_excerpt":"Con delibera del Consiglio di Dipartimento del 10 luglio 2024, \u00e8 stato approvato il Piano Strategico per il triennio 2024-2026 che delinea le linee programmatiche del Dipartimento sulla base degli indirizzi del Piano Strategico di Ateneo 2024-2026. Il Piano illustra","_links":{"self":[{"href":"https:\/\/stc.uniroma2.it\/index.php?rest_route=\/wp\/v2\/pages\/13327","targetHints":{"allow":["GET"]}}],"collection":[{"href":"https:\/\/stc.uniroma2.it\/index.php?rest_route=\/wp\/v2\/pages"}],"about":[{"href":"https:\/\/stc.uniroma2.it\/index.php?rest_route=\/wp\/v2\/types\/page"}],"author":[{"embeddable":true,"href":"https:\/\/stc.uniroma2.it\/index.php?rest_route=\/wp\/v2\/users\/1"}],"replies":[{"embeddable":true,"href":"https:\/\/stc.uniroma2.it\/index.php?rest_route=%2Fwp%2Fv2%2Fcomments&post=13327"}],"version-history":[{"count":4,"href":"https:\/\/stc.uniroma2.it\/index.php?rest_route=\/wp\/v2\/pages\/13327\/revisions"}],"predecessor-version":[{"id":14434,"href":"https:\/\/stc.uniroma2.it\/index.php?rest_route=\/wp\/v2\/pages\/13327\/revisions\/14434"}],"up":[{"embeddable":true,"href":"https:\/\/stc.uniroma2.it\/index.php?rest_route=\/wp\/v2\/pages\/257"}],"wp:attachment":[{"href":"https:\/\/stc.uniroma2.it\/index.php?rest_route=%2Fwp%2Fv2%2Fmedia&parent=13327"}],"curies":[{"name":"wp","href":"https:\/\/api.w.org\/{rel}","templated":true}]}}