 {"id":12647,"date":"2024-02-29T15:42:41","date_gmt":"2024-02-29T14:42:41","guid":{"rendered":"https:\/\/stc.uniroma2.it\/?page_id=12647"},"modified":"2025-02-24T16:43:56","modified_gmt":"2025-02-24T15:43:56","slug":"infrastrutture","status":"publish","type":"page","link":"https:\/\/stc.uniroma2.it\/?page_id=12647","title":{"rendered":"Infrastrutture"},"content":{"rendered":"\n<p>Il rafforzamento delle risorse umane si accompagna agli investimenti in infrastrutture scientifiche. Il progetto X-CHEM permette infatti di acquisire nuove grosse strumentazioni e, al tempo stesso, l\u2019aggiornamento e\/o l\u2019implementazione di quelle esistenti.<\/p>\n\n\n\n<p><strong>Aggiornamento di Febbraio 2025<\/strong><\/p>\n\n\n\n<ul class=\"wp-block-list\"><li><strong>Spettrometro Micro-Raman<\/strong> \u2013 lo strumento \u00e8 stato consegnato e al pi\u00f9 presto verr\u00e0 avviata la fase di installazione e collaudo.<\/li><li><strong>FEG SEM<\/strong> \u2013 lo strumento \u00e8 stato installato ed \u00e8 iniziata la fase di formazione del personale per l\u2019utilizzo della strumentazione.<\/li><li><strong>AFM<\/strong> \u2013 a breve verr\u00e0 avviata la gara per l\u2019acquisto.<\/li><\/ul>\n\n\n\n<hr class=\"wp-block-separator has-alpha-channel-opacity is-style-dots\"\/>\n\n\n\n<p><strong>Aggiornamento di Febbraio 2024<\/strong><\/p>\n\n\n\n<p>Le caratteristiche tecniche, la configurazione e le prestazioni dei nuovi strumenti, ovvero uno spettrometro Micro-Raman, un microscopio a forza atomica (AFM) e un microscopio elettronico a scansione ad alta risoluzione con sorgente a effetto di campo (FEG SEM), sono state identificate e definite. L\u2019indagine di mercato \u00e8 stata espletata.<\/p>\n\n\n\n<p>La pianificazione delle gare d\u2019appalto \u00e8 la seguente:<\/p>\n\n\n\n<ul class=\"wp-block-list\"><li><strong>Spettrometro Micro-Raman<\/strong> \u2013 la procedura di gara \u00e8 completa e l\u2019aggiudicazione \u00e8 imminente.<\/li><li><strong>FEG SEM <\/strong>\u2013 acquisto approvato dal Consiglio di Amministrazione (CdA); il bando di gara europeo \u00e8 stato pubblicato.<\/li><li><strong>AFM <\/strong>\u2013 acquisto approvato dal Consiglio del Dipartimento e i documenti per il bando di gara sono in fase di preparazione.<\/li><\/ul>\n","protected":false},"excerpt":{"rendered":"<p>Il rafforzamento delle risorse umane si accompagna agli investimenti in infrastrutture scientifiche. Il progetto X-CHEM permette infatti di acquisire nuove grosse strumentazioni e, al tempo stesso, l\u2019aggiornamento e\/o l\u2019implementazione di quelle esistenti. Aggiornamento di Febbraio 2025 Spettrometro Micro-Raman \u2013 lo<\/p>\n","protected":false},"author":1,"featured_media":0,"parent":11129,"menu_order":4,"comment_status":"closed","ping_status":"closed","template":"","meta":{"_cbd_carousel_blocks":"[]","_uag_custom_page_level_css":"","_EventAllDay":false,"_EventTimezone":"","_EventStartDate":"","_EventEndDate":"","_EventStartDateUTC":"","_EventEndDateUTC":"","_EventShowMap":false,"_EventShowMapLink":false,"_EventURL":"","_EventCost":"","_EventCostDescription":"","_EventCurrencySymbol":"","_EventCurrencyCode":"","_EventCurrencyPosition":"","_EventDateTimeSeparator":"","_EventTimeRangeSeparator":"","_EventOrganizerID":[],"_EventVenueID":0,"_OrganizerEmail":"","_OrganizerPhone":"","_OrganizerWebsite":"","_VenueAddress":"","_VenueCity":"","_VenueCountry":"","_VenueProvince":"","_VenueZip":"","_VenuePhone":"","_VenueURL":"","_VenueStateProvince":"","_VenueLat":"","_VenueLng":"","footnotes":""},"class_list":["post-12647","page","type-page","status-publish","hentry"],"uagb_featured_image_src":{"full":false,"thumbnail":false,"medium":false,"medium_large":false,"large":false,"1536x1536":false,"2048x2048":false,"featured-blog-large":false,"featured-blog-small":false,"featured-service":false,"featured-recent-work":false},"uagb_author_info":{"display_name":"admin","author_link":"https:\/\/stc.uniroma2.it\/?author=1"},"uagb_comment_info":0,"uagb_excerpt":"Il rafforzamento delle risorse umane si accompagna agli investimenti in infrastrutture scientifiche. Il progetto X-CHEM permette infatti di acquisire nuove grosse strumentazioni e, al tempo stesso, l\u2019aggiornamento e\/o l\u2019implementazione di quelle esistenti. Aggiornamento di Febbraio 2025 Spettrometro Micro-Raman \u2013 lo","_links":{"self":[{"href":"https:\/\/stc.uniroma2.it\/index.php?rest_route=\/wp\/v2\/pages\/12647","targetHints":{"allow":["GET"]}}],"collection":[{"href":"https:\/\/stc.uniroma2.it\/index.php?rest_route=\/wp\/v2\/pages"}],"about":[{"href":"https:\/\/stc.uniroma2.it\/index.php?rest_route=\/wp\/v2\/types\/page"}],"author":[{"embeddable":true,"href":"https:\/\/stc.uniroma2.it\/index.php?rest_route=\/wp\/v2\/users\/1"}],"replies":[{"embeddable":true,"href":"https:\/\/stc.uniroma2.it\/index.php?rest_route=%2Fwp%2Fv2%2Fcomments&post=12647"}],"version-history":[{"count":2,"href":"https:\/\/stc.uniroma2.it\/index.php?rest_route=\/wp\/v2\/pages\/12647\/revisions"}],"predecessor-version":[{"id":14167,"href":"https:\/\/stc.uniroma2.it\/index.php?rest_route=\/wp\/v2\/pages\/12647\/revisions\/14167"}],"up":[{"embeddable":true,"href":"https:\/\/stc.uniroma2.it\/index.php?rest_route=\/wp\/v2\/pages\/11129"}],"wp:attachment":[{"href":"https:\/\/stc.uniroma2.it\/index.php?rest_route=%2Fwp%2Fv2%2Fmedia&parent=12647"}],"curies":[{"name":"wp","href":"https:\/\/api.w.org\/{rel}","templated":true}]}}