 {"id":12627,"date":"2024-02-29T15:00:52","date_gmt":"2024-02-29T14:00:52","guid":{"rendered":"https:\/\/stc.uniroma2.it\/?page_id=12627"},"modified":"2024-03-01T15:23:11","modified_gmt":"2024-03-01T14:23:11","slug":"didattica","status":"publish","type":"page","link":"https:\/\/stc.uniroma2.it\/?page_id=12627","title":{"rendered":"Didattica"},"content":{"rendered":"\n<p>Nell\u2019ambito del progetto X-CHEM, le attivit\u00e0 didattiche sono rafforzate utilizzando le risorse del progetto medesimo. Grazie al reclutamento di nuove figure docenti, l\u2019offerta formativa viene ampliata sia per il corso di Laurea Magistrale in Chimica, sia per quanto attiene i due corsi di Dottorato. Per questi ultimi, l\u2019attrattivit\u00e0 di studenti, dall\u2019Italia come dall\u2019estero, \u00e8 stata amplificata con l\u2019offerta di borse orientate alle attivit\u00e0 scientifiche su cui si focalizza X-CHEM, e erogando degli importi superiori a quelli tipici delle borse di Ateneo.<\/p>\n\n\n\n<p>Inoltre, fondi verranno allocati per aumentare il numero di Professori Visitatori, in aggiunta alla pianificazione ordinaria. Questi Professori contribuiranno, con corsi aggiuntivi, alla didattica dei corsi di laurea magistrale e di Dottorato.<\/p>\n\n\n\n<p><strong>Stato di avanzamento (febbraio 2024):<\/strong><\/p>\n\n\n\n<p>Nel corso del 2023 sono state intraprese pi\u00f9 azioni per rafforzare la didattica.<\/p>\n\n\n\n<ol class=\"wp-block-list\"><li>Il Dipartimento di Scienze e Tecnologie Chimiche (DSTC) \u00e8 stato impegnato nella progettazione del nuovo corso di Laurea Magistrale in Chimica (LM54) con l&#8217;obiettivo di migliorare la qualit\u00e0, la visibilit\u00e0 e l&#8217;attrattivit\u00e0 del corso di laurea. Sono stati definiti e programmati due nuovi curricula: Chimica per l&#8217;Ambiente, l&#8217;Energia e la Sostenibilit\u00e0 (<strong>CAES<\/strong>); Chimica dei Sistemi Complessi di Interesse Biologico (<strong>CSCIB<\/strong>). Entrambi i curricula partiranno nel prossimo anno accademico 2024-2025.<\/li><li>Si \u00e8 aumentata l&#8217;attrattivit\u00e0 dei due corsi di dottorato offerti dal DSTC, ovvero Scienze Chimiche e Materiali per lo Sviluppo Sostenibile, con un incremento della borsa di studio pari a \u20ac 7.000 annui. Tale incremento \u00e8 stato applicato a partire dal 39\u00b0 ciclo del programma di Dottorato (A.A. 2023-2024).<\/li><\/ol>\n","protected":false},"excerpt":{"rendered":"<p>Nell\u2019ambito del progetto X-CHEM, le attivit\u00e0 didattiche sono rafforzate utilizzando le risorse del progetto medesimo. Grazie al reclutamento di nuove figure docenti, l\u2019offerta formativa viene ampliata sia per il corso di Laurea Magistrale in Chimica, sia per quanto attiene i<\/p>\n","protected":false},"author":1,"featured_media":0,"parent":11129,"menu_order":3,"comment_status":"closed","ping_status":"closed","template":"","meta":{"_cbd_carousel_blocks":"[]","_uag_custom_page_level_css":"","_EventAllDay":false,"_EventTimezone":"","_EventStartDate":"","_EventEndDate":"","_EventStartDateUTC":"","_EventEndDateUTC":"","_EventShowMap":false,"_EventShowMapLink":false,"_EventURL":"","_EventCost":"","_EventCostDescription":"","_EventCurrencySymbol":"","_EventCurrencyCode":"","_EventCurrencyPosition":"","_EventDateTimeSeparator":"","_EventTimeRangeSeparator":"","_EventOrganizerID":[],"_EventVenueID":0,"_OrganizerEmail":"","_OrganizerPhone":"","_OrganizerWebsite":"","_VenueAddress":"","_VenueCity":"","_VenueCountry":"","_VenueProvince":"","_VenueZip":"","_VenuePhone":"","_VenueURL":"","_VenueStateProvince":"","_VenueLat":"","_VenueLng":"","footnotes":""},"class_list":["post-12627","page","type-page","status-publish","hentry"],"uagb_featured_image_src":{"full":false,"thumbnail":false,"medium":false,"medium_large":false,"large":false,"1536x1536":false,"2048x2048":false,"featured-blog-large":false,"featured-blog-small":false,"featured-service":false,"featured-recent-work":false},"uagb_author_info":{"display_name":"admin","author_link":"https:\/\/stc.uniroma2.it\/?author=1"},"uagb_comment_info":0,"uagb_excerpt":"Nell\u2019ambito del progetto X-CHEM, le attivit\u00e0 didattiche sono rafforzate utilizzando le risorse del progetto medesimo. Grazie al reclutamento di nuove figure docenti, l\u2019offerta formativa viene ampliata sia per il corso di Laurea Magistrale in Chimica, sia per quanto attiene i","_links":{"self":[{"href":"https:\/\/stc.uniroma2.it\/index.php?rest_route=\/wp\/v2\/pages\/12627","targetHints":{"allow":["GET"]}}],"collection":[{"href":"https:\/\/stc.uniroma2.it\/index.php?rest_route=\/wp\/v2\/pages"}],"about":[{"href":"https:\/\/stc.uniroma2.it\/index.php?rest_route=\/wp\/v2\/types\/page"}],"author":[{"embeddable":true,"href":"https:\/\/stc.uniroma2.it\/index.php?rest_route=\/wp\/v2\/users\/1"}],"replies":[{"embeddable":true,"href":"https:\/\/stc.uniroma2.it\/index.php?rest_route=%2Fwp%2Fv2%2Fcomments&post=12627"}],"version-history":[{"count":2,"href":"https:\/\/stc.uniroma2.it\/index.php?rest_route=\/wp\/v2\/pages\/12627\/revisions"}],"predecessor-version":[{"id":12693,"href":"https:\/\/stc.uniroma2.it\/index.php?rest_route=\/wp\/v2\/pages\/12627\/revisions\/12693"}],"up":[{"embeddable":true,"href":"https:\/\/stc.uniroma2.it\/index.php?rest_route=\/wp\/v2\/pages\/11129"}],"wp:attachment":[{"href":"https:\/\/stc.uniroma2.it\/index.php?rest_route=%2Fwp%2Fv2%2Fmedia&parent=12627"}],"curies":[{"name":"wp","href":"https:\/\/api.w.org\/{rel}","templated":true}]}}