 {"id":11129,"date":"2023-01-17T10:20:35","date_gmt":"2023-01-17T09:20:35","guid":{"rendered":"https:\/\/www-2022.stc.uniroma2.it\/?page_id=11129"},"modified":"2025-12-09T15:15:49","modified_gmt":"2025-12-09T14:15:49","slug":"x-chem","status":"publish","type":"page","link":"https:\/\/stc.uniroma2.it\/?page_id=11129","title":{"rendered":"X-CHEM"},"content":{"rendered":"\n<h2 class=\"wp-block-heading\">eXpanding CHEMistry: implementing excellence in research and teaching<\/h2>\n\n\n\n<p>Si chiama <strong>X-CHEM<\/strong> \u201ceXpanding CHEMistry: implementing excellence in research and teaching\u201d il progetto col quale il Dipartimento di Scienze e Tecnologie Chimiche \u00e8 stato selezionato tra gli 11 Dipartimenti finanziati nell\u2019area Chimica nell\u2019ambito dei 180&nbsp;<strong>Dipartimenti di Eccellenza 2023-2027<\/strong>&nbsp;(<a rel=\"noreferrer noopener\" href=\"https:\/\/www.anvur.it\/news\/pubblicato-lelenco-dei-180-dipartimenti-di-eccellenza-2023-2027\/\" target=\"_blank\">https:\/\/www.anvur.it\/news\/pubblicato-lelenco-dei-180-dipartimenti-di-eccellenza-2023-2027\/<\/a>).<\/p>\n\n\n\n<p>X-CHEM rappresenta per il DSTC l\u2019opportunit\u00e0 di diventare punto di riferimento non solo nazionale ma anche europeo nell\u2019area Chimica, con l\u2019obiettivo di entrare stabilmente tra i migliori 100 Dipartimenti europei, sviluppando nuove sinergie attraverso l\u2019interazione e la collaborazione tra tutti i gruppi di ricerca delle diverse aree tematiche presenti nel Dipartimento, grazie anche alla creazione di un\u2019infrastruttura avanzata di microscopia.<\/p>\n\n\n\n<p>Il progetto si propone di potenziare attivit\u00e0 interdisciplinari nei settori della Transizione Energetica, Salute e Ambiente coordinate in modo da offrire un contributo alla risoluzione delle sfide globali, in accordo con i principi di sviluppo sostenibile identificati nei piani strategici italiani ed europei (European Green Deal, Horizon Europe, PNRR, PNR 2021-2027, PNIR), coerentemente con le Strategie di Ricerca e Innovazione per la Smart Specialisation regionali e nazionali.<\/p>\n\n\n\n<p>Nell\u2019ambito del progetto X-CHEM saranno inoltre finanziati di progetti di ricerca per giovani ricercatori, borse di dottorato e un fondo destinato a professori visitatori per incrementare il grado di internazionalizzazione dei due corsi di Dottorato di riferimento (Scienze Chimiche e Materials for Health, Environment and Energy). Sar\u00e0 inoltre aumentata la dotazione economica individuale degli studenti dei corsi di Dottorato, incrementando le possibilit\u00e0 di partecipare a scuole, workshop e congressi internazionali e di svolgere attivit\u00e0 di ricerca in collaborazione presso gruppi nazionali e\/o internazionali.<\/p>\n\n\n\n<p>Sul fronte delle risorse umane \u00e8 previsto il reclutamento di un professore, cinque ricercatori, due unit\u00e0 di personale tecnico di laboratorio, due tecnico-amministrativo e l\u2019attivazione di quattro contratti di ricerca biennali.<\/p>\n\n\n\n<p>Il valore complessivo del progetto X-CHEM (5 anni) \u00e8 di \u20ac 7.125.690.<\/p>\n\n\n\n<p>Al fine di incoraggiare la partecipazione di tutti i membri del Dipartimento di Scienze e Tecnologie Chimiche alle attivit\u00e0 del progetto X-CHEM, 72.000 Euro all\u2019anno sono complessivamente destinati a bonus salariali da conferire come quota premiale al personale docente e tecnico-amministrativo sulla base di uno <a rel=\"noreferrer noopener\" href=\"https:\/\/stc.uniroma2.it\/wp-content\/uploads\/2024\/02\/regolamento-prem-X-CHEM.pdf\" target=\"_blank\"><strong>specifico regolamento<\/strong><\/a> stilato in accordo con i Regolamenti di Ateneo.<br>Come riportato nel <a rel=\"noreferrer noopener\" href=\"https:\/\/stc.uniroma2.it\/wp-content\/uploads\/2024\/02\/chart-gantt.jpg\" target=\"_blank\" data-rel=\"lightbox-image-0\" data-rl_title=\"\" data-rl_caption=\"\" title=\"\"><strong>plot di Gantt<\/strong><\/a>, la distribuzione delle quote premiali avverr\u00e0 alla fine di ogni annualit\u00e0 del progetto (dopo 12, 24, 36, 48 e 60 mesi).<\/p>\n\n\n\n<p><\/p>\n\n\n\n<p class=\"is-style-default has-medium-font-size\"><i class=\"fas fa-play\" style=\"color: green;\"><\/i>  <a href=\"https:\/\/stc.uniroma2.it\/wp-content\/uploads\/2025\/03\/scheda-monitoraggio-2024.pdf\" target=\"_blank\" rel=\"noreferrer noopener\">Scheda di monitoraggio 2024 del Dipartimento di Eccellenza<\/a><\/p>\n\n\n\n<div class=\"wp-block-group is-content-justification-center is-nowrap is-layout-flex wp-container-core-group-is-layout-94bc23d7 wp-block-group-is-layout-flex\">\n<figure class=\"wp-block-image size-full\"><a href=\"https:\/\/stc.uniroma2.it\/?page_id=12670\"><img loading=\"lazy\" decoding=\"async\" width=\"249\" height=\"120\" src=\"https:\/\/stc.uniroma2.it\/wp-content\/uploads\/2024\/02\/ico-comit.jpg\" alt=\"\" class=\"wp-image-12679\"\/><\/a><\/figure>\n\n\n\n<figure class=\"wp-block-image size-full\"><a href=\"https:\/\/stc.uniroma2.it\/?page_id=12639\"><img loading=\"lazy\" decoding=\"async\" width=\"249\" height=\"120\" src=\"https:\/\/stc.uniroma2.it\/wp-content\/uploads\/2024\/02\/ico-reclut.jpg\" alt=\"\" class=\"wp-image-12635\"\/><\/a><\/figure>\n<\/div>\n\n\n\n<div class=\"wp-block-group is-content-justification-center is-nowrap is-layout-flex wp-container-core-group-is-layout-94bc23d7 wp-block-group-is-layout-flex\">\n<figure class=\"wp-block-image size-full\"><a href=\"https:\/\/stc.uniroma2.it\/?page_id=12627\"><img loading=\"lazy\" decoding=\"async\" width=\"249\" height=\"120\" src=\"https:\/\/stc.uniroma2.it\/wp-content\/uploads\/2024\/02\/ico-did.jpg\" alt=\"\" class=\"wp-image-12629\"\/><\/a><\/figure>\n\n\n\n<figure class=\"wp-block-image size-full\"><a href=\"https:\/\/stc.uniroma2.it\/?page_id=12647\"><img loading=\"lazy\" decoding=\"async\" width=\"249\" height=\"120\" src=\"https:\/\/stc.uniroma2.it\/wp-content\/uploads\/2024\/02\/ico-infra-IT.jpg\" alt=\"\" class=\"wp-image-12622\"\/><\/a><\/figure>\n<\/div>\n\n\n\n<p><\/p>\n","protected":false},"excerpt":{"rendered":"<p>eXpanding CHEMistry: implementing excellence in research and teaching Si chiama X-CHEM \u201ceXpanding CHEMistry: implementing excellence in research and teaching\u201d il progetto col quale il Dipartimento di Scienze e Tecnologie Chimiche \u00e8 stato selezionato tra gli 11 Dipartimenti finanziati nell\u2019area Chimica<\/p>\n","protected":false},"author":1,"featured_media":0,"parent":0,"menu_order":2,"comment_status":"closed","ping_status":"closed","template":"","meta":{"_cbd_carousel_blocks":"[]","_uag_custom_page_level_css":"","_EventAllDay":false,"_EventTimezone":"","_EventStartDate":"","_EventEndDate":"","_EventStartDateUTC":"","_EventEndDateUTC":"","_EventShowMap":false,"_EventShowMapLink":false,"_EventURL":"","_EventCost":"","_EventCostDescription":"","_EventCurrencySymbol":"","_EventCurrencyCode":"","_EventCurrencyPosition":"","_EventDateTimeSeparator":"","_EventTimeRangeSeparator":"","_EventOrganizerID":[],"_EventVenueID":0,"_OrganizerEmail":"","_OrganizerPhone":"","_OrganizerWebsite":"","_VenueAddress":"","_VenueCity":"","_VenueCountry":"","_VenueProvince":"","_VenueZip":"","_VenuePhone":"","_VenueURL":"","_VenueStateProvince":"","_VenueLat":"","_VenueLng":"","footnotes":""},"class_list":["post-11129","page","type-page","status-publish","hentry"],"uagb_featured_image_src":{"full":false,"thumbnail":false,"medium":false,"medium_large":false,"large":false,"1536x1536":false,"2048x2048":false,"featured-blog-large":false,"featured-blog-small":false,"featured-service":false,"featured-recent-work":false},"uagb_author_info":{"display_name":"admin","author_link":"https:\/\/stc.uniroma2.it\/?author=1"},"uagb_comment_info":0,"uagb_excerpt":"eXpanding CHEMistry: implementing excellence in research and teaching Si chiama X-CHEM \u201ceXpanding CHEMistry: implementing excellence in research and teaching\u201d il progetto col quale il Dipartimento di Scienze e Tecnologie Chimiche \u00e8 stato selezionato tra gli 11 Dipartimenti finanziati nell\u2019area Chimica","_links":{"self":[{"href":"https:\/\/stc.uniroma2.it\/index.php?rest_route=\/wp\/v2\/pages\/11129","targetHints":{"allow":["GET"]}}],"collection":[{"href":"https:\/\/stc.uniroma2.it\/index.php?rest_route=\/wp\/v2\/pages"}],"about":[{"href":"https:\/\/stc.uniroma2.it\/index.php?rest_route=\/wp\/v2\/types\/page"}],"author":[{"embeddable":true,"href":"https:\/\/stc.uniroma2.it\/index.php?rest_route=\/wp\/v2\/users\/1"}],"replies":[{"embeddable":true,"href":"https:\/\/stc.uniroma2.it\/index.php?rest_route=%2Fwp%2Fv2%2Fcomments&post=11129"}],"version-history":[{"count":16,"href":"https:\/\/stc.uniroma2.it\/index.php?rest_route=\/wp\/v2\/pages\/11129\/revisions"}],"predecessor-version":[{"id":14955,"href":"https:\/\/stc.uniroma2.it\/index.php?rest_route=\/wp\/v2\/pages\/11129\/revisions\/14955"}],"wp:attachment":[{"href":"https:\/\/stc.uniroma2.it\/index.php?rest_route=%2Fwp%2Fv2%2Fmedia&parent=11129"}],"curies":[{"name":"wp","href":"https:\/\/api.w.org\/{rel}","templated":true}]}}