 {"id":10771,"date":"2022-11-16T11:32:00","date_gmt":"2022-11-16T10:32:00","guid":{"rendered":"https:\/\/www-2022.stc.uniroma2.it\/?page_id=10771"},"modified":"2023-01-17T10:30:29","modified_gmt":"2023-01-17T09:30:29","slug":"anno-2018","status":"publish","type":"page","link":"https:\/\/stc.uniroma2.it\/?page_id=10771","title":{"rendered":"Anno 2018"},"content":{"rendered":"<ul class=\"lcp_catlist\" id=\"lcp_instance_0\"><li><a href=\"https:\/\/stc.uniroma2.it\/?p=2632\">Incontro tra il Coordinatore del progetto SeedScience e l&#8217;Ambasciatore Italiano in Gana<\/a><span class=\"my-date\">  11 Dicembre 2018<\/span><div class=\"lcp_excerpt\">\n\n\n\nIl coordinatore del progetto Seed Science, Michele Raggio \u00e8 stato ricevuto in Ghana dall&#8217;ambasciatore Italiano Sua Eccellenza Giovanni Favilli.\n\n\nComplimenti a Michele per il suo progetto.\n\n\nLink a&nbsp;Seed Science\n\n<\/div><\/li><li><a href=\"https:\/\/stc.uniroma2.it\/?p=2631\">Mercoled\u00ec 19 Dicembre ore 14:30 &#8211; Seminario Dr.ssa Annalisa Neri<\/a><span class=\"my-date\">  4 Dicembre 2018<\/span><div class=\"lcp_excerpt\">\n&#8220;Collagen-Honey Films: a Novel Combination for the Management of Hard-To-Heal Wounds&#8221;\n\n\nAula SeminariDipartimento di Scienze e Tecnologie ChimicheUniversit\u00e0 degli Studi di Roma Tor Vergata\n\n\nMaggiori info e Locandina\n\n<\/div><\/li><li><a href=\"https:\/\/stc.uniroma2.it\/?p=2630\">ERC 2018: 2 milioni di euro per kit diagnostici e biosensori &#8220;genetically-encoded&#8221;<\/a><span class=\"my-date\">  3 Dicembre 2018<\/span><div class=\"lcp_excerpt\">\nA Francesco Ricci, &#8220;Tor Vergata&#8221; il sostanzioso finanziamento dell\u2019European Research Council\n\n\nLeggi di pi\u00f9&#8230;\n\n<\/div><\/li><li><a href=\"https:\/\/stc.uniroma2.it\/?p=2629\">Convegno Innovern 2018  &#8211; 6 Dicembre 2018 ore 14:00<\/a><span class=\"my-date\">  30 Novembre 2018<\/span><div class=\"lcp_excerpt\">\nINNOVAZIONI NELLA VERNICIATURA A POLVERE CHE POSSONO ESSERE DIGITALIZZATE 4.0\n\n\nOrganizzato dall&#8217;ANVER \u2013 Associazione Verniciatori Industriali e la rivista Verniciatura Industriale\n\n\nDipartimento di ingegneria Universita\u0300 degli Studi Tor VergataVia Politecnico, 1 RomaEdificio ...<\/div><\/li><li><a href=\"https:\/\/stc.uniroma2.it\/?p=2627\">Lo strano caso del PNIPAM: la risposta molecolare termicamente indotta di un polimero sintetico<\/a><span class=\"my-date\">  22 Novembre 2018<\/span><div class=\"lcp_excerpt\">\nLo studio, condotto da Ester Chiessi, ricercatrice del nostro Dipartimento, in collaborazione con Letizia Tavagnacco ed Emanuela Zaccarelli&nbsp;(CNR, Istituto dei Sistemi Complessi di Roma), descrive il comportamento molecolare di un ...<\/div><\/li><li><a href=\"https:\/\/stc.uniroma2.it\/?p=2626\">Gioved\u00ec 7 Dicembre ore 14:30 &#8211; Seminario Dr. Chandradhish Ghosh<\/a><span class=\"my-date\">  21 Novembre 2018<\/span><div class=\"lcp_excerpt\">\n&#8220;The story of aryl-alkyl-lysines: one drug to treat them all&#8221;\n\n\nAula SeminariDipartimento di Scienze e Tecnologie ChimicheUniversit\u00e0 degli Studi di Roma Tor Vergata\n\n\nMaggiori info e Locandina\n\n<\/div><\/li><li><a href=\"https:\/\/stc.uniroma2.it\/?p=2624\">I Chimico-fisici del DSTC vincitori della Start Cup Lazio 2018<\/a><span class=\"my-date\">  20 Novembre 2018<\/span><div class=\"lcp_excerpt\">\n\n\n\nLe nostre ricercatrici Dott.ssa Emanuela Gatto e Dott.ssa Claudia Mazzuca assieme ai collaboratori Valentina Armuzza, ex studentessa del nostro Corso di Laurea in Chimica, e Graziano Massaro, dottore commercialista, si ...<\/div><\/li><li><a href=\"https:\/\/stc.uniroma2.it\/?p=2622\">Ancora un successo della nostra Chimica Analitica!<\/a><span class=\"my-date\">  25 Ottobre 2018<\/span><div class=\"lcp_excerpt\">\nIl Dott. Alessandro Bertucci, collaboratore del Prof. Francesco Ricci e assegnista presso il nostro Dipartimento, attualmente a San Diego nell\u2019ambito di una fellowship Marie Curie Global, \u00e8 stato selezionato tra ...<\/div><\/li><li><a href=\"https:\/\/stc.uniroma2.it\/?p=2620\">19\/11\/2018 &#8211; Elezioni per il rinnovo dei rappresentanti del personale tecnico amministrativo e bibliotecario<\/a><span class=\"my-date\">  16 Ottobre 2018<\/span><div class=\"lcp_excerpt\">\nSono indette per il giorno 19\/11\/2018 dalle ore 09:00 alle ore 16:00 in prima tornata,&nbsp;le elezioni per il rinnovo dei rappresentanti del personale tecnico amministrativo e bibliotecario nel Consiglio del ...<\/div><\/li><li><a href=\"https:\/\/stc.uniroma2.it\/?p=2619\">Venerd\u00ec 26 Ottobre ore 14.30 &#8211; Seminario Dr. Domenica T. Donia<\/a><span class=\"my-date\">  16 Ottobre 2018<\/span><div class=\"lcp_excerpt\">\n&#8220;Nanomateriali ed ambiente: interattivit\u00e0 utile e\/o dannosa? &#8220;\n\n\nAula SeminariDipartimento di Scienze e Tecnologie ChimicheUniversit\u00e0 degli Studi di Roma Tor Vergata\n\n\nMaggiori info e Locandina\n\n<\/div><\/li><li><a href=\"https:\/\/stc.uniroma2.it\/?p=2617\">Gioved\u00ec 25 Ottobre ore 15.00 &#8211; Seminario Prof.ssa Gabriela Calder\u00f2<\/a><span class=\"my-date\">  16 Ottobre 2018<\/span><div class=\"lcp_excerpt\">\n&#8220;Nano-emulsions prepared by low-energy methods as microbubble precursors&#8221;\n\n\nAula SeminariDipartimento di Scienze e Tecnologie ChimicheUniversit\u00e0 degli Studi di Roma Tor Vergata\n\n\nMaggiori info e Locandina\n\n<\/div><\/li><li><a href=\"https:\/\/stc.uniroma2.it\/?p=2616\">La diagnosi per una rara patologia scoperta nel nostro Dipartimento<\/a><span class=\"my-date\">  10 Ottobre 2018<\/span><div class=\"lcp_excerpt\">\nGianfranco Bocchinfuso, Paolo Calligari e Lorenzo Stella, membri del nostro Dipartimento, hanno contribuito alla scoperta di una nuova patologia ultra-rara, nell&#8217;ambito di una collaborazione internazionale coordinata dall&#8217;Ospedale pediatrico Bambino Ges\u00f9. ...<\/div><\/li><li><a href=\"https:\/\/stc.uniroma2.it\/?p=2613\">5 Ottobre 2018 &#8211; Giornata Dedicata al Professor Giuseppe Palleschi in occasione del suo pensionamento<\/a><span class=\"my-date\">  3 Ottobre 2018<\/span><div class=\"lcp_excerpt\">\n&#8220;40-YEARS OF BIOSENSORS&#8221;\n\n\nAula Magna Gismondi,&nbsp;Edificio SogeneUniversit\u00e0 di Roma Tor Vergata\n\n\nMaggiori informazioni\n\n<\/div><\/li><li><a href=\"https:\/\/stc.uniroma2.it\/?p=2612\">Mercoled\u00ec 10 ottobre ore 15.00 &#8211; Seminario Dott.ssa Beatrice Macchi<\/a><span class=\"my-date\">  3 Ottobre 2018<\/span><div class=\"lcp_excerpt\">\n&#8220;Studi per la valutazione dell\u2019attivit\u00e0 di nuovi composti e\/o farmaci nelle infezioni da retrovirus umani&#8221;\n\n\nAula SeminariDipartimento di Scienze e Tecnologie ChimicheUniversit\u00e0 degli Studi di Roma Tor Vergata\n\n\nAbstract e CV\n\n<\/div><\/li><li><a href=\"https:\/\/stc.uniroma2.it\/?p=2610\">Premiato Francesco Ulpiani, studente di Dottorato in Materials for Health, Environment and Energy<\/a><span class=\"my-date\">  17 Settembre 2018<\/span><div class=\"lcp_excerpt\">\n\n\n\nLa School of Neutron Scattering &#8220;Francesco Paolo Ricci&#8221; (SoNS) ha il piacere di annunciare che il Dott. Pierfrancesco Ulpiani \u00e8 risultato vincitore della prima edizione del Premio SIF-SoNS &#8220;Neutrons Matter&#8221; ...<\/div><\/li><li><a href=\"https:\/\/stc.uniroma2.it\/?p=2608\">Premiato il Direttore del Dipartimento<\/a><span class=\"my-date\">  17 Settembre 2018<\/span><div class=\"lcp_excerpt\">\n\n\n\nLa Prof.ssa Silvia Licoccia, Delegato del Rettore per la Ricerca di Ateneo e Direttore del Dipartimento di Scienze e Tecnologie Chimiche &nbsp;ha ricevuto il premio &#8220;AICIng 2018 per preclari meriti ...<\/div><\/li><li><a href=\"https:\/\/stc.uniroma2.it\/?p=2607\">Venerd\u00ec 21 Settembre ore 11.00 &#8211; Seminario Prof. David D\u00edaz D\u00edaz<\/a><span class=\"my-date\">  17 Settembre 2018<\/span><div class=\"lcp_excerpt\">\n&#8220;Self-Assembled Gels as Nanoreactors for Photoredox Catalysis in Air&#8221;\n\n\nAula SeminariDipartimento di Scienze e Tecnologie ChimicheUniversit\u00e0 degli Studi di Roma Tor Vergata\n\n\nMaggiori info e Locandina\n\n<\/div><\/li><li><a href=\"https:\/\/stc.uniroma2.it\/?p=2606\">Luned\u00ec 10 Settembre ore 12.00 &#8211; Seminario Prof.ssa Shelley Minteer<\/a><span class=\"my-date\">  4 Settembre 2018<\/span><div class=\"lcp_excerpt\">\n&#8220;Enzymatic Bioelectrocatalysis: From Metabolic Pathways to Metabolons&#8221;\n\n\nAula&nbsp; Seminari del Dipartimento di Scienze e Tecnologie ChimicheUniversit\u00e0 degli Studi di Roma Tor Vergata\n\n\nMaggiori info e Locandina\n\n<\/div><\/li><li><a href=\"https:\/\/stc.uniroma2.it\/?p=2605\">Gioved\u00ec 5 Luglio ore 11.00 &#8211; Seminario Dr. Michele Raggio<\/a><span class=\"my-date\">  3 Luglio 2018<\/span><div class=\"lcp_excerpt\">\n&#8220;Progetto SeedScience&#8221;\n\n\nAula ADipartimento di Chimica e Tecnologie del FarmacoFacolt\u00e0 di Farmacia e Medicina (CU019)Sapienza Universit\u00e0 di Roma\n\n\nMaggiori info e Locandina\n\n<\/div><\/li><li><a href=\"https:\/\/stc.uniroma2.it\/?p=2604\">Elezioni per il rinnovo della carica di Direttore del Dipartimento di Scienze e Tecnologie Chimiche<\/a><span class=\"my-date\">  20 Giugno 2018<\/span><div class=\"lcp_excerpt\">\nPer maggiori informazioni\n\n<\/div><\/li><\/ul><ul class='lcp_paginator'><li class='lcp_currentpage'>1<\/li><li><a href='https:\/\/stc.uniroma2.it\/index.php?rest_route=%2Fwp%2Fv2%2Fpages%2F10771&#038;lcp_page0=2#lcp_instance_0' title='2'>2<\/a><\/li><li><a href='https:\/\/stc.uniroma2.it\/index.php?rest_route=%2Fwp%2Fv2%2Fpages%2F10771&#038;lcp_page0=2#lcp_instance_0' title='2' class='lcp_nextlink'>&gt;&gt;<\/a><\/li><\/ul>\n","protected":false},"excerpt":{"rendered":"","protected":false},"author":1,"featured_media":0,"parent":4376,"menu_order":5,"comment_status":"closed","ping_status":"closed","template":"","meta":{"_cbd_carousel_blocks":"[]","_uag_custom_page_level_css":"","_EventAllDay":false,"_EventTimezone":"","_EventStartDate":"","_EventEndDate":"","_EventStartDateUTC":"","_EventEndDateUTC":"","_EventShowMap":false,"_EventShowMapLink":false,"_EventURL":"","_EventCost":"","_EventCostDescription":"","_EventCurrencySymbol":"","_EventCurrencyCode":"","_EventCurrencyPosition":"","_EventDateTimeSeparator":"","_EventTimeRangeSeparator":"","_EventOrganizerID":[],"_EventVenueID":0,"_OrganizerEmail":"","_OrganizerPhone":"","_OrganizerWebsite":"","_VenueAddress":"","_VenueCity":"","_VenueCountry":"","_VenueProvince":"","_VenueZip":"","_VenuePhone":"","_VenueURL":"","_VenueStateProvince":"","_VenueLat":"","_VenueLng":"","footnotes":""},"class_list":["post-10771","page","type-page","status-publish","hentry"],"uagb_featured_image_src":{"full":false,"thumbnail":false,"medium":false,"medium_large":false,"large":false,"1536x1536":false,"2048x2048":false,"featured-blog-large":false,"featured-blog-small":false,"featured-service":false,"featured-recent-work":false},"uagb_author_info":{"display_name":"admin","author_link":"https:\/\/stc.uniroma2.it\/?author=1"},"uagb_comment_info":0,"uagb_excerpt":null,"_links":{"self":[{"href":"https:\/\/stc.uniroma2.it\/index.php?rest_route=\/wp\/v2\/pages\/10771","targetHints":{"allow":["GET"]}}],"collection":[{"href":"https:\/\/stc.uniroma2.it\/index.php?rest_route=\/wp\/v2\/pages"}],"about":[{"href":"https:\/\/stc.uniroma2.it\/index.php?rest_route=\/wp\/v2\/types\/page"}],"author":[{"embeddable":true,"href":"https:\/\/stc.uniroma2.it\/index.php?rest_route=\/wp\/v2\/users\/1"}],"replies":[{"embeddable":true,"href":"https:\/\/stc.uniroma2.it\/index.php?rest_route=%2Fwp%2Fv2%2Fcomments&post=10771"}],"version-history":[{"count":3,"href":"https:\/\/stc.uniroma2.it\/index.php?rest_route=\/wp\/v2\/pages\/10771\/revisions"}],"predecessor-version":[{"id":11135,"href":"https:\/\/stc.uniroma2.it\/index.php?rest_route=\/wp\/v2\/pages\/10771\/revisions\/11135"}],"up":[{"embeddable":true,"href":"https:\/\/stc.uniroma2.it\/index.php?rest_route=\/wp\/v2\/pages\/4376"}],"wp:attachment":[{"href":"https:\/\/stc.uniroma2.it\/index.php?rest_route=%2Fwp%2Fv2%2Fmedia&parent=10771"}],"curies":[{"name":"wp","href":"https:\/\/api.w.org\/{rel}","templated":true}]}}