 {"id":10769,"date":"2022-11-16T11:30:42","date_gmt":"2022-11-16T10:30:42","guid":{"rendered":"https:\/\/www-2022.stc.uniroma2.it\/?page_id=10769"},"modified":"2023-01-17T10:30:38","modified_gmt":"2023-01-17T09:30:38","slug":"anno-2019","status":"publish","type":"page","link":"https:\/\/stc.uniroma2.it\/?page_id=10769","title":{"rendered":"Anno 2019"},"content":{"rendered":"<ul class=\"lcp_catlist\" id=\"lcp_instance_0\"><li><a href=\"https:\/\/stc.uniroma2.it\/?p=4383\">Articolo su &#8220;Il Sole 24 Ore nazionale&#8221;<\/a><span class=\"my-date\">  18 Dicembre 2019<\/span><div class=\"lcp_excerpt\">\nL&#8217;articolo che verr\u00e0 pubblicato il giorno 19 dicembre 2019 \u00e8 relativo al progetto Nanosupremi della dr.ssa F. Cavalieri\n\n\n\n\n<\/div><\/li><li><a href=\"https:\/\/stc.uniroma2.it\/?p=4334\">Progetto &#8220;Mastri Biscottai crescono&#8221; &#8211; Consegna degli Attestati di Frequenza<\/a><span class=\"my-date\">  13 Dicembre 2019<\/span><div class=\"lcp_excerpt\">\nMercoled\u00ec 18 Dicembre alle ore 10.00in Aula Gismondi del Dipartimento di Scienze e Tecnologie Chimiche,con la disponibilit\u00e0 del Dipartimento e nell\u2019ambito dell\u2019attivit\u00e0 di Terza Missione-Public Engagement dell\u2019Ateneo,avverr\u00e0 la consegna degli ...<\/div><\/li><li><a href=\"https:\/\/stc.uniroma2.it\/?p=4316\">Cerimonia di Premiazione &#8211; Premio Internazionale Primo Levi<\/a><span class=\"my-date\">  11 Dicembre 2019<\/span><div class=\"lcp_excerpt\">\nNell\u2019ambito della cerimonia di Premiazione del Premio Internazionale Primo Levi che si \u00e8 svolta il 6 dicembre presso l&#8217;Accademia Nazionale dei Lincei, il Dipartimento di Scienze e Tecnologie Chimiche dell\u2019Universit\u00e0 ...<\/div><\/li><li><a href=\"https:\/\/stc.uniroma2.it\/?p=4303\">Nuova pubblicazione su Nature Communication &#8220;Hiring antibodies as nanotechnology builders<\/a><span class=\"my-date\">  4 Dicembre 2019<\/span><div class=\"lcp_excerpt\">\n\n\n\nConsulta la pubblicazione\n\n<\/div><\/li><li><a href=\"https:\/\/stc.uniroma2.it\/?p=4251\">6 dicembre 2019 &#8211; Premio Internazionale Primo Levi<\/a><span class=\"my-date\">  29 Novembre 2019<\/span><div class=\"lcp_excerpt\">\nLa Societ\u00e0 Chimica Italiana (SCI) e il Gesellschaft Deutscher Chemiker (GDCh) hanno il grande piacere di annunciare che il professor&nbsp;Vincenzo Balzani, membro dell&#8217;Accademia dei Lincei, professore emerito di Chimica all&#8217;Universit\u00e0 ...<\/div><\/li><li><a href=\"https:\/\/stc.uniroma2.it\/?p=4224\">12 Dicembre 2019 &#8211; Giornata Premio MARIANO PALIOTTA<\/a><span class=\"my-date\">  28 Novembre 2019<\/span><div class=\"lcp_excerpt\">\nPer la premiazione della migliore Tesi di Laurea Magistrale in Chimica in ricordo dello studente Mariano Paliotta.\n\n\nore 09:30\n\n\nPresso l&#8217;Aula Gismondi del Dipartimento di Scienze e Tecnologie Chimiche\n\n\nPer maggiori dettagli clicca ...<\/div><\/li><li><a href=\"https:\/\/stc.uniroma2.it\/?p=4219\">Green Week Academy &#8211; Focus Chimica verde e agricoltura | Borse di soggiorno per studenti universitari<\/a><span class=\"my-date\">  25 Novembre 2019<\/span><div class=\"lcp_excerpt\">\n\n\n\nGreen Week 2020,&nbsp;in programma&nbsp;dal 25 febbraio al 1 marzo 2020\n\n\nIl progetto Academy permetter\u00e0 a un numero selezionato di studenti di laurea triennale, specialistica, master e dottorato di partecipare in modo ...<\/div><\/li><li><a href=\"https:\/\/stc.uniroma2.it\/?p=4210\">Comunicazione interruzione adduzione gas<\/a><span class=\"my-date\">  25 Novembre 2019<\/span><div class=\"lcp_excerpt\">\nPer maggiori informazioni leggere il comunicato\n\n\na cura del Servizio Prevenzione e Protezione\n\n<\/div><\/li><li><a href=\"https:\/\/stc.uniroma2.it\/?p=4191\">Progetti internazionali di ricerca : notizie e aggiornamenti<\/a><span class=\"my-date\">  20 Novembre 2019<\/span><div class=\"lcp_excerpt\">\n\n\n\nSegui questo link per maggiori informazioni\n\n\nA cura della Divisione Ricerca Internazionale e Visiting\n\n<\/div><\/li><li><a href=\"https:\/\/stc.uniroma2.it\/?p=4170\">Elezione giunta del Dipartimento di Scienze e Tecnologie Chimiche<\/a><span class=\"my-date\">  15 Novembre 2019<\/span><div class=\"lcp_excerpt\">\nPresso Aula riunioni del Dipartimento.Prima tornata nel giorno 16\/12\/2019 (dalle ore 10.00 alle ore 16.00)Seconda tornata, in caso di mancato raggiungimento del quorum nella prima votazione, nel giorno 18\/12\/2019 (dalle ...<\/div><\/li><li><a href=\"https:\/\/stc.uniroma2.it\/?p=4151\">Youth for Future 2019<\/a><span class=\"my-date\">  13 Novembre 2019<\/span><div class=\"lcp_excerpt\">\n\n\n\nAlla manifestazione Youth for Future 2019 presso il Salone dello Studente di Roma, le nostre colleghe Fabiana Arduini e Emanuela Gatto relatrici per Start-Up al femminile.\n\n<\/div><\/li><li><a href=\"https:\/\/stc.uniroma2.it\/?p=4118\">7 novembre 2019 \u2013 Conferenza Lincee Dr. William A. Eaton<\/a><span class=\"my-date\">  30 Ottobre 2019<\/span><div class=\"lcp_excerpt\">\nVai al calendario eventi per maggiori informazioni\n\n<\/div><\/li><li><a href=\"https:\/\/stc.uniroma2.it\/?p=4109\">Articolo su Repubblica.it &#8220;Come salvare il pianeta con latte e SPlastica&#8221;<\/a><span class=\"my-date\">  30 Ottobre 2019<\/span><div class=\"lcp_excerpt\">\n\n\n\nIl progetto imprenditoriale SPlastica si basa sulla produzione di nuovi materiali plastici 100% biodegradabili e compostabili, a base di polimeri naturali, realizzati a partire da scarti alimentari non edibili mediante ...<\/div><\/li><li><a href=\"https:\/\/stc.uniroma2.it\/?p=4073\">Il Dipartimento di Chimica sui media<\/a><span class=\"my-date\">  4 Ottobre 2019<\/span><div class=\"lcp_excerpt\">\nArticolo uscito su Repubblica nazionale in cui si parla della ricerca della dott.ssa Marianna Rossetti, post-Doc del dipartimento di Chimica. La dott.ssa Marianna Rossetti \u00e8 finanziata tramite una fellowship della ...<\/div><\/li><li><a href=\"https:\/\/stc.uniroma2.it\/?p=4068\">Postdoc position at CNR-ISM<\/a><span class=\"my-date\">  4 Ottobre 2019<\/span><div class=\"lcp_excerpt\">\nA call for a one-year post-doc position in the field of electronic devices based on GaN has been published as part of a Regione Lazio Innova project. The project will ...<\/div><\/li><li><a href=\"https:\/\/stc.uniroma2.it\/?p=4062\">Centro di Ricerca di Risonanza Magnetica Nucleare rinnovato e sicuro a Tor Vergata nel DSTC<\/a><span class=\"my-date\">  2 Ottobre 2019<\/span><div class=\"lcp_excerpt\">\n\n\n\nIl giorno 25 Settembre 2019 alle ore 12.30, alla presenza del&nbsp;Rettore Giuseppe Novelli&nbsp;e del&nbsp;Direttore Generale Giuseppe Colpani, verr\u00e0 inaugurato il rinnovato&nbsp;Centro di Ricerca di Risonanza Magnetica Nucleare (NMR) presso il ...<\/div><\/li><li><a href=\"https:\/\/stc.uniroma2.it\/?p=4060\">Secondo Avviso Immatricolazioni Lauree Triennali in Scienze A.A. 2019\/2020<\/a><span class=\"my-date\">  2 Ottobre 2019<\/span><div class=\"lcp_excerpt\">\nSecondo avviso per la prova di valutazione e modalit\u00e0 di immatricolazione ai Corsi di Laurea in Chimica \u2013 Chimica Applicata \u2013 Fisica \u2013 Informatica \u2013 Matematica della Macroarea di Scienze ...<\/div><\/li><li><a href=\"https:\/\/stc.uniroma2.it\/?p=4058\">8 ottobre 2019 &#8211; Honorary Doctorate Prof. Dirk Guldi<\/a><span class=\"my-date\">  1 Ottobre 2019<\/span><div class=\"lcp_excerpt\">\nConsulta la locandina in allegato.\n\n\n&nbsp;Allegato\n\n<\/div><\/li><li><a href=\"https:\/\/stc.uniroma2.it\/?p=4052\">8 ottobre 2019 &#8211; Seminario Massimizzare l\u2019impatto e gestire gli aspetti etici nei progetti di ricerca Horizon 2020<\/a><span class=\"my-date\">  26 Settembre 2019<\/span><div class=\"lcp_excerpt\">\nRelatori: Matteo Di Rosa, Bruno Mourenza &#8211; APRE\n\n\nConsulta la locandina in allegato.\n\n\n&nbsp;Allegato\n\n\nLa partecipazione \u00e8 riservata alla Comunit\u00e0 accademica dell&#8217;Universit\u00e0 degli Studi di Roma &#8220;Tor Vergata&#8221;, \u00e8 richiesta la registrazione al ...<\/div><\/li><li><a href=\"https:\/\/stc.uniroma2.it\/?p=4038\">Prima edizione del Premio Mariano Paliotta<\/a><span class=\"my-date\">  25 Settembre 2019<\/span><div class=\"lcp_excerpt\">\nLa vincitrice della Prima edizione del Premio Mariano Palliotta \u00e8 Madalina Cociorb.Titolo della tesi: Development of Phase-Change Contrast Agents for Ultrasound Imaging and Medical Ionizing Radiation Dosimetry.Relatore il prof. Gaio ...<\/div><\/li><\/ul><ul class='lcp_paginator'><li class='lcp_currentpage'>1<\/li><li><a href='https:\/\/stc.uniroma2.it\/index.php?rest_route=%2Fwp%2Fv2%2Fpages%2F10769&#038;lcp_page0=2#lcp_instance_0' title='2'>2<\/a><\/li><li><a href='https:\/\/stc.uniroma2.it\/index.php?rest_route=%2Fwp%2Fv2%2Fpages%2F10769&#038;lcp_page0=3#lcp_instance_0' title='3'>3<\/a><\/li><li><a href='https:\/\/stc.uniroma2.it\/index.php?rest_route=%2Fwp%2Fv2%2Fpages%2F10769&#038;lcp_page0=2#lcp_instance_0' title='2' class='lcp_nextlink'>&gt;&gt;<\/a><\/li><\/ul>\n","protected":false},"excerpt":{"rendered":"","protected":false},"author":1,"featured_media":0,"parent":4376,"menu_order":6,"comment_status":"closed","ping_status":"closed","template":"","meta":{"_cbd_carousel_blocks":"[]","_uag_custom_page_level_css":"","_EventAllDay":false,"_EventTimezone":"","_EventStartDate":"","_EventEndDate":"","_EventStartDateUTC":"","_EventEndDateUTC":"","_EventShowMap":false,"_EventShowMapLink":false,"_EventURL":"","_EventCost":"","_EventCostDescription":"","_EventCurrencySymbol":"","_EventCurrencyCode":"","_EventCurrencyPosition":"","_EventDateTimeSeparator":"","_EventTimeRangeSeparator":"","_EventOrganizerID":[],"_EventVenueID":0,"_OrganizerEmail":"","_OrganizerPhone":"","_OrganizerWebsite":"","_VenueAddress":"","_VenueCity":"","_VenueCountry":"","_VenueProvince":"","_VenueZip":"","_VenuePhone":"","_VenueURL":"","_VenueStateProvince":"","_VenueLat":"","_VenueLng":"","footnotes":""},"class_list":["post-10769","page","type-page","status-publish","hentry"],"uagb_featured_image_src":{"full":false,"thumbnail":false,"medium":false,"medium_large":false,"large":false,"1536x1536":false,"2048x2048":false,"featured-blog-large":false,"featured-blog-small":false,"featured-service":false,"featured-recent-work":false},"uagb_author_info":{"display_name":"admin","author_link":"https:\/\/stc.uniroma2.it\/?author=1"},"uagb_comment_info":0,"uagb_excerpt":null,"_links":{"self":[{"href":"https:\/\/stc.uniroma2.it\/index.php?rest_route=\/wp\/v2\/pages\/10769","targetHints":{"allow":["GET"]}}],"collection":[{"href":"https:\/\/stc.uniroma2.it\/index.php?rest_route=\/wp\/v2\/pages"}],"about":[{"href":"https:\/\/stc.uniroma2.it\/index.php?rest_route=\/wp\/v2\/types\/page"}],"author":[{"embeddable":true,"href":"https:\/\/stc.uniroma2.it\/index.php?rest_route=\/wp\/v2\/users\/1"}],"replies":[{"embeddable":true,"href":"https:\/\/stc.uniroma2.it\/index.php?rest_route=%2Fwp%2Fv2%2Fcomments&post=10769"}],"version-history":[{"count":3,"href":"https:\/\/stc.uniroma2.it\/index.php?rest_route=\/wp\/v2\/pages\/10769\/revisions"}],"predecessor-version":[{"id":11136,"href":"https:\/\/stc.uniroma2.it\/index.php?rest_route=\/wp\/v2\/pages\/10769\/revisions\/11136"}],"up":[{"embeddable":true,"href":"https:\/\/stc.uniroma2.it\/index.php?rest_route=\/wp\/v2\/pages\/4376"}],"wp:attachment":[{"href":"https:\/\/stc.uniroma2.it\/index.php?rest_route=%2Fwp%2Fv2%2Fmedia&parent=10769"}],"curies":[{"name":"wp","href":"https:\/\/api.w.org\/{rel}","templated":true}]}}