 {"id":10701,"date":"2022-11-14T09:54:13","date_gmt":"2022-11-14T08:54:13","guid":{"rendered":"https:\/\/www-2022.stc.uniroma2.it\/?page_id=10701"},"modified":"2024-07-19T12:11:36","modified_gmt":"2024-07-19T10:11:36","slug":"bandi","status":"publish","type":"page","link":"https:\/\/stc.uniroma2.it\/?page_id=10701","title":{"rendered":"Bandi"},"content":{"rendered":"<ul class=\"lcp_catlist\" id=\"lcp_instance_0\"><li><a href=\"https:\/\/stc.uniroma2.it\/?p=15105\">Elezione di n.1 rappresentante degli studenti nella Giunta del DSTC<\/a><span class=\"my-date\">  12 Marzo 2026<\/span><div class=\"lcp_excerpt\">\nSono indette le elezioni di n. 1 rappresentante rappresentante degli studenti i un rappresentante degli studenti (studenti e dottorandi) nella Giunta del Dipartimento di Scienze e Tecnologie Chimiche.\n\n\nLe operazioni di voto si svolgeranno in modalit\u00e0 telematica.\n\n\nPrima tornata nel giorno 13\/04\/2026 (dalle ore 00:00 alle ore 23:59).Seconda tornata, in caso di mancato raggiungimento del quorum nella ...<\/div><\/li><li><a href=\"https:\/\/stc.uniroma2.it\/?p=15101\">Elezione di n.5 rappresentanti del Personale Docente nella Giunta del DSTC<\/a><span class=\"my-date\">  12 Marzo 2026<\/span><div class=\"lcp_excerpt\">\nSono indette le elezioni di n. 5 rappresentanti del personale docente (professori di ruolo e ricercatori) nella Giunta del Dipartimento di Scienze e Tecnologie Chimiche.\n\n\nLe operazioni di voto si svolgeranno in modalit\u00e0 telematica.\n\n\nPrima tornata nel giorno 13\/04\/2026 (dalle ore 00:00 alle ore 23:59).Seconda tornata, in caso di mancato raggiungimento del quorum nella prima votazione, nel ...<\/div><\/li><li><a href=\"https:\/\/stc.uniroma2.it\/?p=15096\">Elezione di n.1 rappresentante del Personale Tecnico Amministrativo nella Giunta del DSTC<\/a><span class=\"my-date\">  12 Marzo 2026<\/span><div class=\"lcp_excerpt\">\nSono indette le elezioni di n. 1 rappresentante rappresentante del Personale Tecnico Amministrativo nella Giunta delDipartimento di Scienze e Tecnologie Chimiche.\n\n\nLe operazioni di voto si svolgeranno in modalit\u00e0 telematica.\n\n\nPrima tornata nel giorno 13\/04\/2026 (dalle ore 00:00 alle ore 23:59).Seconda tornata, in caso di mancato raggiungimento del quorum nella prima votazione, nel giorno 16\/04\/2026 (dalle ore ...<\/div><\/li><li><a href=\"https:\/\/stc.uniroma2.it\/?p=15030\">Verbale e graduatoria bando Prot. n. 0003317 del 04\/12\/2025<\/a><span class=\"my-date\">  15 Gennaio 2026<\/span><div class=\"lcp_excerpt\">\nDownload Verbale\n\n<\/div><\/li><li><a href=\"https:\/\/stc.uniroma2.it\/?p=14932\">Avviso di Selezione per il conferimento di n. 2 incarichi di natura occasionale<\/a><span class=\"my-date\">  4 Dicembre 2025<\/span><div class=\"lcp_excerpt\">\nE\u2019 pubblicato un Avviso di Selezione per il conferimento di n. 2 incarichi di natura occasionale per le esigenze relative allo svolgimento dei laboratori inerenti al Piano Lauree Scientifiche-Chimica per l&#8217;a.a. 2025\/2026.\n\n\nAttivit\u00e0 da svolgere:\n\n\n\nAttivit\u00e0 di supporto ai laboratori previsti per il Piano Lauree Scientifiche-Chimica dedicati alla Formazione Insegnanti e Studenti delle scuole superiori.\n\n\n\nProt. n. 0003317 ...<\/div><\/li><li><a href=\"https:\/\/stc.uniroma2.it\/?p=14896\">Verbale e graduatoria bando Prot. n. 0002970 del 03\/11\/2025<\/a><span class=\"my-date\">  1 Dicembre 2025<\/span><div class=\"lcp_excerpt\">\n\n\nDownload Verbale\n\n\n\n<\/div><\/li><li><a href=\"https:\/\/stc.uniroma2.it\/?p=14867\">Conferimento Premio Mariano Paliotta 2025<\/a><span class=\"my-date\">  24 Novembre 2025<\/span><div class=\"lcp_excerpt\">\n\n\nDownload\n\n\nVedi anche:\n\n\n\nBando Premio Mariano Paliotta 2025\n\n\n\n\n<\/div><\/li><li><a href=\"https:\/\/stc.uniroma2.it\/?p=14839\">Avviso di Selezione per il conferimento di n. 5 incarichi di natura occasionale<\/a><span class=\"my-date\">  3 Novembre 2025<\/span><div class=\"lcp_excerpt\">\nE\u2019 pubblicato un Avviso di Selezione per il conferimento di n. 5 incarichi di natura occasionale da svolgersi nell\u2019interesse del Dipartimento di Scienze e Tecnologie Chimiche dell\u2019Universit\u00e0 degli Studi di Roma \u201cTor Vergata\u201d.\n\n\nAttivit\u00e0 da svolgere:\n\n\n\nTutoraggio per attivit\u00e0 a supporto ai corsi di insegnamento: &#8220;General and BioInorganic Chemistry&#8221;; &#8220;Analytical Chemistry&#8221;; &#8220;Organic Chemistry&#8221;; &#8220;Drug Analysis Module I&#8221; ...<\/div><\/li><li><a href=\"https:\/\/stc.uniroma2.it\/?p=14758\">Bando Premio Mariano Paliotta 2025<\/a><span class=\"my-date\">  17 Ottobre 2025<\/span><div class=\"lcp_excerpt\">\n\n Nuova scadenza 26 ottobre 2025. \n\n\n\n\n\nAvviso di selezione pubblica per il premio Mariano Paliotta per la migliore Tesi di Laurea Magistrale in Chimica discussa presso l\u2019Universit\u00e0 degli Studi di Roma Tor Vergata nell\u2019A.A. 2023-2024\n\n\nLa domanda di partecipazione dovr\u00e0 essere trasmessa in modalit\u00e0 telematica, compilando il modulo allegato alla fine di questo articolo, che dovr\u00e0 ...<\/div><\/li><li><a href=\"https:\/\/stc.uniroma2.it\/?p=14690\">Verbale elezione Coordinatore Dottorato in Scienze Chimiche<\/a><span class=\"my-date\">  8 Luglio 2025<\/span><div class=\"lcp_excerpt\">\nverbale-elez-coord-dott-scienze-chimiche\n\n<\/div><\/li><li><a href=\"https:\/\/stc.uniroma2.it\/?p=14687\">Verbale elezione Coordinatore Dottorato in Materials for Sustainable Development<\/a><span class=\"my-date\">  8 Luglio 2025<\/span><div class=\"lcp_excerpt\">\nverbale_elez-coord-dott-materials\n\n<\/div><\/li><li><a href=\"https:\/\/stc.uniroma2.it\/?p=14680\">Verbale e graduatoria bando Prot. n. 0001862 del 19\/06\/2025<\/a><span class=\"my-date\">  1 Luglio 2025<\/span><div class=\"lcp_excerpt\">\n\n\nDownload Verbale\n\n<\/div><\/li><li><a href=\"https:\/\/stc.uniroma2.it\/?p=14677\">Verbale e graduatoria bando Prot. n. 0001759 del 09\/06\/2025<\/a><span class=\"my-date\">  30 Giugno 2025<\/span><div class=\"lcp_excerpt\">\n\n\nDownload Verbale\n\n<\/div><\/li><li><a href=\"https:\/\/stc.uniroma2.it\/?p=14621\">Avviso di Selezione per il conferimento di n. 1 incarico di natura occasionale<\/a><span class=\"my-date\">  19 Giugno 2025<\/span><div class=\"lcp_excerpt\">\nE\u2019 pubblicato un Avviso di Selezione per il conferimento di n. 1 incarico di natura occasionale da svolgersi nell\u2019interesse del Dipartimento di Scienze e Tecnologie Chimiche dell\u2019Universit\u00e0 degli Studi di Roma \u201cTor Vergata\u201d.\n\n\nAttivit\u00e0 da svolgere:\n\n\n\nattivit\u00e0 di ricerca per le finalit\u00e0 del progetto &#8220;Microfluidic SenSors for rapld detectiOn of cyaNotoxins&#8221;.\n\n\n\nProt. n. 0001862 del 19\/06\/2025\n\n\nDownload Bando\n\n<\/div><\/li><li><a href=\"https:\/\/stc.uniroma2.it\/?p=14569\">Avviso di Selezione per il conferimento di n. 1 incarico di natura occasionale<\/a><span class=\"my-date\">  9 Giugno 2025<\/span><div class=\"lcp_excerpt\">\nE\u2019 pubblicato un Avviso di Selezione per il conferimento di n. 1 incarico di natura occasionale da svolgersi nell\u2019interesse del Dipartimento di Scienze e Tecnologie Chimiche dell\u2019Universit\u00e0 degli Studi di Roma \u201cTor Vergata\u201d.\n\n\nAttivit\u00e0 da svolgere:\n\n\n\nmisure spettroscopiche di addotti amminoacidi\/porfirina.\n\n\n\nProt. n. 0001759 del 09\/06\/2025\n\n\nDownload Bando\n\n<\/div><\/li><li><a href=\"https:\/\/stc.uniroma2.it\/?p=14541\">Indizione elezione Coordinatore Dottorato in Materials for Sustainable Development<\/a><span class=\"my-date\">  28 Maggio 2025<\/span><div class=\"lcp_excerpt\">\nSono indette le elezioni del Coordinatore del Dottorato in Materials for Sustainable Development per il triennio accademico 2025\/2026 &#8211; 2027\/2028.\n\n\nLe operazioni di voto in modalit\u00e0 telematica avranno luogo in prima tornata nel giorno 07\/07\/2025 dalle 00:00 alle ore 23:59, ed in seconda tornata, in caso di mancato raggiungimento del quorum, il giorno 10\/07\/2025 dalle ore ...<\/div><\/li><li><a href=\"https:\/\/stc.uniroma2.it\/?p=14537\">Indizione elezione Coordinatore Dottorato in Scienze Chimiche<\/a><span class=\"my-date\">  28 Maggio 2025<\/span><div class=\"lcp_excerpt\">\nSono indette le elezioni del Coordinatore del Dottorato in Scienze Chimiche per il triennio accademico2025\/2026 &#8211; 2027\/2028.\n\n\nLe operazioni di voto in modalit\u00e0 telematica avranno luogo in prima tornata nel giorno 07\/07\/2025 dalle 00:00 alle ore 23:59, ed in seconda tornata, in caso di mancato raggiungimento del quorum, il giorno 10\/07\/2025 dalle ore 00:00 alle ore ...<\/div><\/li><li><a href=\"https:\/\/stc.uniroma2.it\/?p=14508\">Avviso di Selezione per il conferimento di n. 1 incarico di natura occasionale<\/a><span class=\"my-date\">  13 Maggio 2025<\/span><div class=\"lcp_excerpt\">\nE\u2019 pubblicato un Avviso di Selezione per il conferimento di n. 1 incarico di natura occasionale da svolgersi nell\u2019interesse del Dipartimento di Scienze e Tecnologie Chimiche dell\u2019Universit\u00e0 degli Studi di Roma \u201cTor Vergata\u201d.\n\n\nAttivit\u00e0 da svolgere:\n\n\n\nattivit\u00e0 di formazione per le finalit\u00e0 del progetto &#8220;Sviluppo catalizzatori per la produzione elettrochimica di Idrogeno&#8221;, finanziato dal bando Premio Rita ...<\/div><\/li><li><a href=\"https:\/\/stc.uniroma2.it\/?p=14325\">Verbali elezioni Dipartimento Scienze e Tecnologie Chimiche del 14 aprile 2025<\/a><span class=\"my-date\">  15 Aprile 2025<\/span><div class=\"lcp_excerpt\">\nVerbale elezioni di n.4 studenti per la Componente Studentesca della Commissione Paritetica del Dipartimento (seconda tornata).\n\n\nDownload Verbale\n\n\nVerbale elezioni di n. 7 rappresentanti degli studenti e di n. 2 rappresentanti dei dottorandi nel Consiglio di Dipartimento (seconda tornata).\n\n\nDownload Verbale\n\n<\/div><\/li><li><a href=\"https:\/\/stc.uniroma2.it\/?p=14318\">Verbali elezioni Dipartimento Scienze e Tecnologie Chimiche del 10 aprile 2025<\/a><span class=\"my-date\">  14 Aprile 2025<\/span><div class=\"lcp_excerpt\">\nVerbale elezioni di n.2 rappresentanti del Personale T.A.B. nel Consiglio del Dipartimento.\n\n\nDownload Verbale\n\n\nVerbale elezioni di n.4 studenti per la Componente Studentesca della Commissione Paritetica del Dipartimento (prima tornata).\n\n\nDownload Verbale\n\n\nVerbale elezioni di n. 7 rappresentanti degli studenti e di n. 2 rappresentanti dei dottorandi nel Consiglio di Dipartimento (prima tornata).\n\n\nDownload Verbale\n\n\nVerbale elezione di n. 1 rappresentante ...<\/div><\/li><\/ul><ul class='lcp_paginator'><li class='lcp_currentpage'>1<\/li><li><a href='https:\/\/stc.uniroma2.it\/index.php?rest_route=%2Fwp%2Fv2%2Fpages%2F10701&#038;lcp_page0=2#lcp_instance_0' title='2'>2<\/a><\/li><li><a href='https:\/\/stc.uniroma2.it\/index.php?rest_route=%2Fwp%2Fv2%2Fpages%2F10701&#038;lcp_page0=2#lcp_instance_0' title='2' class='lcp_nextlink'>&gt;&gt;<\/a><\/li><\/ul>\n","protected":false},"excerpt":{"rendered":"","protected":false},"author":1,"featured_media":0,"parent":257,"menu_order":10,"comment_status":"closed","ping_status":"closed","template":"","meta":{"_cbd_carousel_blocks":"[]","_uag_custom_page_level_css":"","_EventAllDay":false,"_EventTimezone":"","_EventStartDate":"","_EventEndDate":"","_EventStartDateUTC":"","_EventEndDateUTC":"","_EventShowMap":false,"_EventShowMapLink":false,"_EventURL":"","_EventCost":"","_EventCostDescription":"","_EventCurrencySymbol":"","_EventCurrencyCode":"","_EventCurrencyPosition":"","_EventDateTimeSeparator":"","_EventTimeRangeSeparator":"","_EventOrganizerID":[],"_EventVenueID":0,"_OrganizerEmail":"","_OrganizerPhone":"","_OrganizerWebsite":"","_VenueAddress":"","_VenueCity":"","_VenueCountry":"","_VenueProvince":"","_VenueZip":"","_VenuePhone":"","_VenueURL":"","_VenueStateProvince":"","_VenueLat":"","_VenueLng":"","footnotes":""},"class_list":["post-10701","page","type-page","status-publish","hentry"],"uagb_featured_image_src":{"full":false,"thumbnail":false,"medium":false,"medium_large":false,"large":false,"1536x1536":false,"2048x2048":false,"featured-blog-large":false,"featured-blog-small":false,"featured-service":false,"featured-recent-work":false},"uagb_author_info":{"display_name":"admin","author_link":"https:\/\/stc.uniroma2.it\/?author=1"},"uagb_comment_info":0,"uagb_excerpt":null,"_links":{"self":[{"href":"https:\/\/stc.uniroma2.it\/index.php?rest_route=\/wp\/v2\/pages\/10701","targetHints":{"allow":["GET"]}}],"collection":[{"href":"https:\/\/stc.uniroma2.it\/index.php?rest_route=\/wp\/v2\/pages"}],"about":[{"href":"https:\/\/stc.uniroma2.it\/index.php?rest_route=\/wp\/v2\/types\/page"}],"author":[{"embeddable":true,"href":"https:\/\/stc.uniroma2.it\/index.php?rest_route=\/wp\/v2\/users\/1"}],"replies":[{"embeddable":true,"href":"https:\/\/stc.uniroma2.it\/index.php?rest_route=%2Fwp%2Fv2%2Fcomments&post=10701"}],"version-history":[{"count":2,"href":"https:\/\/stc.uniroma2.it\/index.php?rest_route=\/wp\/v2\/pages\/10701\/revisions"}],"predecessor-version":[{"id":10703,"href":"https:\/\/stc.uniroma2.it\/index.php?rest_route=\/wp\/v2\/pages\/10701\/revisions\/10703"}],"up":[{"embeddable":true,"href":"https:\/\/stc.uniroma2.it\/index.php?rest_route=\/wp\/v2\/pages\/257"}],"wp:attachment":[{"href":"https:\/\/stc.uniroma2.it\/index.php?rest_route=%2Fwp%2Fv2%2Fmedia&parent=10701"}],"curies":[{"name":"wp","href":"https:\/\/api.w.org\/{rel}","templated":true}]}}